{"id":3241,"date":"2010-09-06T22:24:02","date_gmt":"2010-09-06T21:24:02","guid":{"rendered":"http:\/\/helbab.cz\/?page_id=3241"},"modified":"2026-01-07T17:56:02","modified_gmt":"2026-01-07T16:56:02","slug":"pro-rodice","status":"publish","type":"page","link":"http:\/\/helbab.cz\/?page_id=3241","title":{"rendered":"Pro rodi\u010de"},"content":{"rendered":"<p><span style=\"color: #ff0000;\"><strong>KR\u00c1SN\u00c1 POCHVALA PRO N\u00c1S V\u0160ECHNY (PRO D\u011aTI, PRO RODI\u010cE, PRO N\u00c1S, DOPROVOD D\u011aT\u00cd NA V\u00ddSTAV\u011a)!<\/strong><\/span><\/p>\n<p><a href=\"http:\/\/helbab.cz\/wp-content\/uploads\/POCHVALA.png\" target=\"_blank\" rel=\"noopener\"><img loading=\"lazy\" decoding=\"async\" class=\"alignleft wp-image-25514 size-large\" src=\"http:\/\/helbab.cz\/wp-content\/uploads\/POCHVALA-1024x518.png\" alt=\"\" width=\"1024\" height=\"518\" srcset=\"http:\/\/helbab.cz\/wp-content\/uploads\/POCHVALA-1024x518.png 1024w, http:\/\/helbab.cz\/wp-content\/uploads\/POCHVALA-300x152.png 300w, http:\/\/helbab.cz\/wp-content\/uploads\/POCHVALA-768x389.png 768w, http:\/\/helbab.cz\/wp-content\/uploads\/POCHVALA-1536x777.png 1536w, http:\/\/helbab.cz\/wp-content\/uploads\/POCHVALA.png 2036w\" sizes=\"(max-width: 1024px) 100vw, 1024px\" \/><\/a><\/p>\n\n\n<p><\/p>\n\n\n<p>30.9. Rodi\u010de, Oseck\u00fd Sk\u0159iv\u00e1nek hled\u00e1 dal\u0161\u00ed zdatn\u00e9 zp\u011bv\u00e1ky a zp\u011bva\u010dky (v na\u0161\u00ed t\u0159\u00edd\u011b jich m\u00e1me docela dost) pro n\u00e1cvik tradi\u010dn\u00edho V\u00c1NO\u010cN\u00cd ZP\u00cdV\u00c1N\u00cd (vystoupen\u00ed d\u011bt\u00ed v na\u0161\u00ed obci v \u010dase p\u0159edv\u00e1no\u010dn\u00edm a v\u00e1no\u010dn\u00edm). D\u011bti v\u00e1no\u010dn\u00ed p\u00edsn\u011b nacvi\u010duj\u00ed v budov\u011b \u0161koly ka\u017ed\u00e9 pond\u011bl\u00ed od 17 hodin pod veden\u00edm pan\u00ed Hany Kotkov\u00e9 a pan\u00ed Kate\u0159iny Slaninov\u00e9 (ob\u011b dv\u011b jsou b\u00fdval\u00e9 \u017e\u00e1kyn\u011b na\u0161\u00ed \u0161koly &#8211; velmi \u0161ikovn\u00e9). N\u00e1cvik za\u010dal ji\u017e toto pond\u011bl\u00ed, ale dal\u0161\u00ed d\u011bti se mohou k n\u00e1cviku p\u0159ipojit i p\u0159\u00ed\u0161t\u00ed t\u00fdden. Dal\u0161\u00ed informace najdete <a href=\"http:\/\/helbab.cz\/wp-content\/uploads\/Vanocni-zpivani.pdf\" target=\"_blank\" rel=\"noopener\">V\u00e1no\u010dn\u00ed zp\u00edv\u00e1n\u00ed<\/a>.<\/p>\n<p>&nbsp;<\/p>\n<p>28.9. Rodi\u010de, jak jsem V\u00e1s informovala na t\u0159\u00eddn\u00ed sch\u016fzce, p\u0159\u00ed\u0161t\u00ed \u0161koln\u00ed rok by d\u011bti mohly vyjet na \u0161kolu v p\u0159\u00edrod\u011b. Abych mohla tuto akci za\u010d\u00edt p\u0159ipravovat, mus\u00edm m\u00edt p\u00edsemn\u011b potvrzen\u00e9, \u017ee m\u00e1te o tuto akci z\u00e1jem. V p\u00e1tek si d\u011bti odnesly dom\u016f v aktovce formul\u00e1\u0159 k zji\u0161t\u011bn\u00ed z\u00e1jmu o \u0161kolu v p\u0159\u00edrod\u011b ve 3. t\u0159\u00edd\u011b. Pros\u00edm o jeho vypln\u011bn\u00ed. Pokud nesouhlas\u00edte, \u0161krtn\u011bte souhlas\u00edm a dopi\u0161te nesouhlas\u00edm. Pokud nebude dostate\u010dn\u00fd z\u00e1jem rodi\u010d\u016f, \u0161kola v p\u0159\u00edrod\u011b se neuskute\u010dn\u00ed.<\/p>\n<p><a href=\"http:\/\/helbab.cz\/wp-content\/uploads\/pro-rodice-info-ze-tr.-sch.-9.9.pdf\" target=\"_blank\" rel=\"noopener\">informace ze t\u0159\u00eddn\u00ed sch\u016fzky 9.9.<\/a><\/p>\n<p>&nbsp;<\/p>\n<p><span style=\"color: #ff0000;\"><b>Odkazy na velmi zaj\u00edmav\u00e9 p\u0159edn\u00e1\u0161ky a rozhovory o v\u00fdchov\u011b d\u011bt\u00ed:<\/b><\/span><\/p>\n<p><a href=\"https:\/\/www.youtube.com\/watch?v=Y0VQf7XL_MA\" target=\"_blank\" rel=\"noopener\">Poruchov\u00e9 chov\u00e1n\u00ed d\u011bt\u00ed<\/a><\/p>\n<p><a id=\"video-title\" class=\"yt-simple-endpoint style-scope ytd-video-renderer\" title=\"Jak vid\u00ed v\u00fdchovu a vzd\u011bl\u00e1v\u00e1n\u00ed J. Halda a \u010c. Roseck\u00fd\" href=\"https:\/\/www.youtube.com\/watch?v=HvJu-KWwWyE&amp;pp=ygUMamnFmcOtIGhhbGRh\" target=\"_blank\" rel=\"noopener\" aria-label=\"Jak vid\u00ed v\u00fdchovu a vzd\u011bl\u00e1v\u00e1n\u00ed J. Halda a \u010c. Roseck\u00fd\">Jak vid\u00ed v\u00fdchovu a vzd\u011bl\u00e1v\u00e1n\u00ed J. Halda a \u010c. Roseck\u00fd<\/a><\/p>\n<p><a href=\"https:\/\/www.youtube.com\/watch?v=y2DxyhIcElE\" target=\"_blank\" rel=\"noopener\">Ka\u017ed\u00e9 d\u00edt\u011b m\u00e1 na n\u011bco talent<\/a><\/p>\n<p><a href=\"https:\/\/www.youtube.com\/watch?v=W2n2PjJDA5o&amp;t=4s\" target=\"_blank\" rel=\"noopener\">Jedin\u00e1\u010dek nebo sourozenci?<\/a><\/p>\n<p>&nbsp;<\/p>\n\n\n<p><\/p>\n","protected":false},"excerpt":{"rendered":"<p>KR\u00c1SN\u00c1 POCHVALA PRO N\u00c1S V\u0160ECHNY (PRO D\u011aTI, PRO RODI\u010cE, PRO N\u00c1S, DOPROVOD D\u011aT\u00cd NA V\u00ddSTAV\u011a)! 30.9. Rodi\u010de, Oseck\u00fd Sk\u0159iv\u00e1nek hled\u00e1 dal\u0161\u00ed zdatn\u00e9 zp\u011bv\u00e1ky a zp\u011bva\u010dky (v na\u0161\u00ed t\u0159\u00edd\u011b jich m\u00e1me docela dost) pro n\u00e1cvik tradi\u010dn\u00edho V\u00c1NO\u010cN\u00cd ZP\u00cdV\u00c1N\u00cd (vystoupen\u00ed d\u011bt\u00ed v na\u0161\u00ed obci v \u010dase p\u0159edv\u00e1no\u010dn\u00edm a v\u00e1no\u010dn\u00edm). D\u011bti v\u00e1no\u010dn\u00ed p\u00edsn\u011b nacvi\u010duj\u00ed v budov\u011b \u0161koly ka\u017ed\u00e9 [&hellip;]<\/p>\n","protected":false},"author":1,"featured_media":0,"parent":0,"menu_order":0,"comment_status":"open","ping_status":"closed","template":"","meta":{"footnotes":""},"class_list":["post-3241","page","type-page","status-publish","hentry"],"_links":{"self":[{"href":"http:\/\/helbab.cz\/index.php?rest_route=\/wp\/v2\/pages\/3241"}],"collection":[{"href":"http:\/\/helbab.cz\/index.php?rest_route=\/wp\/v2\/pages"}],"about":[{"href":"http:\/\/helbab.cz\/index.php?rest_route=\/wp\/v2\/types\/page"}],"author":[{"embeddable":true,"href":"http:\/\/helbab.cz\/index.php?rest_route=\/wp\/v2\/users\/1"}],"replies":[{"embeddable":true,"href":"http:\/\/helbab.cz\/index.php?rest_route=%2Fwp%2Fv2%2Fcomments&post=3241"}],"version-history":[{"count":684,"href":"http:\/\/helbab.cz\/index.php?rest_route=\/wp\/v2\/pages\/3241\/revisions"}],"predecessor-version":[{"id":25517,"href":"http:\/\/helbab.cz\/index.php?rest_route=\/wp\/v2\/pages\/3241\/revisions\/25517"}],"wp:attachment":[{"href":"http:\/\/helbab.cz\/index.php?rest_route=%2Fwp%2Fv2%2Fmedia&parent=3241"}],"curies":[{"name":"wp","href":"https:\/\/api.w.org\/{rel}","templated":true}]}}