{"id":24,"date":"2024-08-24T21:46:58","date_gmt":"2024-08-24T19:46:58","guid":{"rendered":"https:\/\/helbab.cz\/stare2024\/?page_id=24"},"modified":"2024-08-25T15:07:28","modified_gmt":"2024-08-25T13:07:28","slug":"skola-v-prirode","status":"publish","type":"page","link":"http:\/\/helbab.cz\/stare2024\/3-trida\/skola-v-prirode\/","title":{"rendered":"\u0160kola v p\u0159\u00edrod\u011b"},"content":{"rendered":"<p style=\"text-align: left;\">P\u00c1TEK 21. \u010dervna<\/p>\n<p style=\"text-align: left;\">\u00a0 \u00a0 \u00a0 \u00a0 \u00a0R\u00e1no jsme se probudili a nesta\u010dili se divit, kde se kdo probudil. Byla to p\u011bkn\u00e1 legrace. N\u011bkdo m\u011bl dokonce na sob\u011b vzkaz \u010di obr\u00e1zek. Vr\u00e1tili jsme se do sv\u00fdch pokoj\u016f, uklidili si a \u0161li na sn\u00eddani, po kter\u00e9 byla je\u0161t\u011b vyhodnocena stezka odvahy a etiketa s Ferdou.<\/p>\n<p style=\"text-align: left;\">\u00a0 \u00a0 \u00a0 \u00a0 Dobalili jsme si kufry a ta\u0161ky a se\u0161li se venku na lavi\u010dk\u00e1ch. Tam n\u00e1m na\u0161e Beru\u0161ka Ka\u010dka p\u0159e\u010detla dopis od Ferdy. Rozhodl se toti\u017e, \u017ee si je\u0161t\u011b vyjde na proch\u00e1zku a nachyst\u00e1 pro n\u00e1s hru. Zapomn\u011bl v\u0161ak na pou\u010den\u00ed, \u017ee nem\u00e1 chodit s\u00e1m. Psal, \u017ee se mu cestou trhal \u0161\u00e1te\u010dek, a \u017ee m\u00e1 n\u011bco s rukou a nohou a nem\u016f\u017ee se vr\u00e1tit. Rozhodli jsme se, \u017ee se za n\u00edm vyprav\u00edme, najdeme ho a pom\u016f\u017eeme mu. Cestou jsme plnili \u00fakoly, kter\u00e9 si pro n\u00e1s p\u0159ipravil. Nakonec jsme ho na\u0161li v bl\u00edzkosti penzionu. Le\u017eel v tr\u00e1v\u011b a na\u0159\u00edkal. O\u0161et\u0159ili jsme ho a pomohli mu zp\u00e1tky na nohy.<\/p>\n<p style=\"text-align: left;\">\u00a0 \u00a0 \u00a0 \u00a0Po ob\u011bd\u011b jsme se p\u0159esunuli i se zavazadly k p\u0159\u00edjezdu autobusu, v\u0161e jsme nalo\u017eili a vyrazili jsme na cestu dom\u016f.<\/p>\n<p style=\"text-align: left;\"><a href=\"https:\/\/photos.app.goo.gl\/ZuiT5XPCRiYeeMx56\" target=\"_blank\" rel=\"noopener\"><img loading=\"lazy\" decoding=\"async\" class=\"alignnone\" src=\"https:\/\/lh3.googleusercontent.com\/pw\/AP1GczOrGSZqSy4GCeshxkTYurj9xKo766xEcDDdwhi03Ac4mFsOlFi-rdvN8xxDD8dRK3BLbBlCw71DReJaVGyLOHoudcgvDUflcLk77g8Ay8ma5aZwaMjyGvzr1yF_oWdvulP3PHLiXEZ4DrpTnhLHd8H7IA=w668-h890-s-no-gm?authuser=0\" alt=\"\" width=\"284\" height=\"378\" \/><\/a><\/p>\n<p>\u010cTVRTEK 20. \u010dervna<\/p>\n<p>Dne\u0161n\u00ed den za\u010dal op\u011bt rozcvi\u010dkou s Ferdou. Po sn\u00eddani prob\u011bhla zdravov\u011bda se zam\u011b\u0159en\u00edm na resuscitaci. Pak n\u00e1sledovala hra Dome\u010dky pro chrost\u00edky, kter\u00e1 se skl\u00e1dala z n\u011bkolika \u010d\u00e1st\u00ed. V prvn\u00ed \u010d\u00e1sti jsme v ur\u010den\u00e9m \u00fazem\u00ed sb\u00edrali l\u00edste\u010dky r\u016fzn\u00fdch barev. Ka\u017ed\u00e1 barva m\u011bla sv\u016fj v\u00fdznam a hodnotu stavebn\u00edho materi\u00e1lu. Zelen\u00e9 l\u00edstky bylo jehli\u010d\u00ed z borovice vejmutovky, oran\u017eov\u00e9 byly p\u00edsek z\u00a0 jiho\u010desk\u00fdch rybn\u00edk\u016f, \u010derven\u00e9 byly \u0161kebli\u010dky sl\u00e1vky poto\u010dn\u00ed a modr\u00e9 \u2013 sliz ze slim\u00e1ka. Ve sb\u00edr\u00e1n\u00ed n\u00e1m br\u00e1nil Mravkolev, kter\u00fd\u00a0 byl ve sv\u00e9m \u00fasil\u00ed mr\u0161tn\u00fd a vytrval\u00fd. Podle po\u010dtu a barev l\u00edste\u010dk\u016f jsme po ob\u011bd\u011b vytv\u00e1\u0159eli dome\u010dky pro chrost\u00edky. Sv\u00e9 pr\u00e1ce jsme p\u0159edstavili ostatn\u00edm.<\/p>\n<p>Ob\u011bd byl v duchu p\u0159\u00e1telstv\u00ed. V p\u00e1rech jsme se navz\u00e1jem krmili. N\u011bkomu to \u0161lo \u00fapln\u011b bezvadn\u011b a n\u011bkdo toho druh\u00e9ho p\u011bkn\u011b pobryndal. P\u0159esto jsme si v\u0161ichni na gul\u00e1\u0161ov\u00e9 pol\u00e9vce i bor\u016fvkov\u00fdch knedl\u00edc\u00edch moc pochutnali.<\/p>\n<p>Proto\u017ee jsme cht\u011bli poznat je\u0161t\u011b kousek Krkono\u0161, vydali jsme se sm\u011brem na Hn\u011bd\u00fd vrch, Vl\u010d\u00ed j\u00e1my a k Temn\u00e9mu vodop\u00e1du. Cestou jsme vid\u011bli orchideje \u2013 vstava\u010de, muchom\u016frky tygrovan\u00e9 i p\u0159esli\u010dky, pou\u0161t\u011bli jsme v pot\u016f\u010dc\u00edch lodi\u010dky z list\u00ed i \u0161i\u0161ek.<\/p>\n<p>Po ve\u010de\u0159i jsem zachra\u0148ovali kamar\u00e1da p\u0159ed zimou. V na\u0161ich skupin\u00e1ch jsme jednoho z n\u00e1s obl\u00e9kli do v\u0161eho, co jsme si zabalili na cestu. N\u011bkdo m\u011bl dokonce 27 vrstev. Pak n\u00e1s \u010dekala diskot\u00e9ka, kterou n\u00e1m p\u0159ipravila Beru\u0161ka s Ferdou. Na jej\u00edm konci jsme shrnuli den, vyhodnotili na\u0161i pr\u00e1ci a z\u00edskali n\u011bjak\u00e1 ocen\u011bn\u00ed. V noci byla stezka odvahy. Z\u00fa\u010dastnili jsme se \u00fapln\u011b v\u0161ichni a nikdo se neb\u00e1l.<\/p>\n<p><em>Hl\u00e1\u0161ky dne:<\/em><\/p>\n<p><em>\u201e J\u00e1 u\u017e jsem zakrmil a sebe jsem nakrmil.\u201c<\/em><\/p>\n<p><a href=\"https:\/\/photos.app.goo.gl\/Ghgfj9MazcD1yk4y9\" target=\"_blank\" rel=\"noopener\"><img loading=\"lazy\" decoding=\"async\" class=\"alignnone\" src=\"https:\/\/lh3.googleusercontent.com\/pw\/AP1GczP-txJ-RqjKO1t_rQxHDLqCmNQTqOcsN5Lno4WtbLQLRREEPkl4a-vWVAHrlNjaSJfVDlwT3ArO17vvsCNv3y6C0Vyd1mCf7dFcOHsm3SyfInmM_IZBJwT8o7EtjL47Vnxxk1e6iBPLOlDIi3neM8tjWg=w1581-h890-s-no-gm?authuser=0\" alt=\"\" width=\"407\" height=\"229\" \/><\/a><\/p>\n<p>ST\u0158EDA 19. \u010dervna<\/p>\n<p>Dnes jsme vst\u00e1vali s velk\u00fdm p\u0159\u00e1n\u00edm hezk\u00e9ho po\u010das\u00ed. \u010cekal n\u00e1s toti\u017e v\u00fdstup na Sn\u011b\u017eku. Posn\u00eddali jsme, zabalili si sva\u010dinu i ob\u011bdov\u00fd bal\u00ed\u010dek a vyrazili k lanovce. P\u0159ed doln\u00ed stanic\u00ed jsme se rozd\u011blili do skupin, ve kter\u00fdch jsme pak vyjeli lanovkou na R\u016f\u017eovou horu. Nahoru na Sn\u011b\u017eku jsme vystoupali s veselou mysl\u00ed, pozorovali jsme a pozn\u00e1vali okoln\u00ed p\u0159\u00edrodu a byli neust\u00e1le uchvacov\u00e1ni n\u00e1dhern\u00fdmi v\u00fdhledy. V d\u00e1lce jsme vid\u011bli \u010cernou horu, Benecko i Je\u0161t\u011bd.<\/p>\n<p>Dobyt\u00ed vrcholu Sn\u011b\u017eky jsme si v\u0161ichni u\u017eili, pot\u011b\u0161il n\u00e1s nejen \u0159\u00edzek, ale i pohledy na cel\u00e9 Krkono\u0161e. P\u0159i sestupu dol\u016f polskou stranou jsme proch\u00e1zeli mraky.<\/p>\n<p>Cesta Ob\u0159\u00edm dolem byla nebezpe\u010dn\u00e1, sam\u00e9 kamen\u00ed, p\u00edsek,\u2026 ale proto\u017ee jsme si pamatovali pou\u010den\u00ed, co se m\u016f\u017ee st\u00e1t v hor\u00e1ch, \u0161li jsme velmi opatrn\u011b. Op\u011bt jsme si prohl\u00ed\u017eeli p\u0159\u00edrodu, d\u00edvali se na hory kolem n\u00e1s. Sestoupili jsme a\u017e do \u00dapsk\u00e9ho \u00fadol\u00ed, kde jsme si dali m\u00edstn\u00ed medovou zmrzlinu a dojedli sva\u010dinu. Cestou k penzionu jsme se stavili na d\u011btsk\u00e9m h\u0159i\u0161ti.<\/p>\n<p>Ve\u010der Ferda a Beru\u0161ka uvedli divadeln\u00ed festival. P\u0159edstaveno bylo \u0161est divadeln\u00edch kus\u016f: O kouzeln\u00e9m n\u00e1hrdeln\u00edku, O d\u011btech, kter\u00e9 let\u011bly do Anglie, Na hor\u00e1ch, \u0160\u0165astn\u00e1 rodina, Poh\u00e1dka o kamar\u00e1dech a O t\u0159ech zlobiv\u00fdch kluc\u00edch. V\u0161ichni herci se sna\u017eili odv\u00e9st co nejlep\u0161\u00ed v\u00fdkon a div\u00e1ci (larvi\u010dky) se moc bavili.<\/p>\n<p>Na z\u00e1v\u011br dne byla vyhodnocena v\u010derej\u0161\u00ed orienta\u010dn\u00ed hra a dne\u0161n\u00ed v\u00fdstup na Sn\u011b\u017eku.<\/p>\n<p><a href=\"https:\/\/photos.app.goo.gl\/xmTXUFNei2Xrvyr26\" target=\"_blank\" rel=\"noopener\"><img loading=\"lazy\" decoding=\"async\" class=\"alignnone\" src=\"https:\/\/lh3.googleusercontent.com\/pw\/AP1GczM_lk_GnryoMiDYviP5xWrjSRj5b4T2PBle3ALGTqtOXpTq_Ll6EFwyhISwM7ygH7hNb1MQJgsqHK0zhhE1pJUfgPSf_yQ8iD3yFMTbWPenYDApk0OYB06w40Q2gUwZg0c4P-0I9bicmIsTuVkFH9mvhQ=w1187-h890-s-no-gm?authuser=0\" alt=\"\" width=\"411\" height=\"308\" \/><\/a><\/p>\n<p>\u00daTER\u00dd 18. \u010dervna<\/p>\n<p>R\u00e1no n\u00e1s vzbudila p\u00edsni\u010dka od Boba a Bobka. Na rovnou plochu pro rozcvi\u010dku jsme se museli vyb\u011bhnout p\u011bkn\u00fd kopec. V\u00fdhled jsme m\u011bli \u00fachvatn\u00fd. Rozcvi\u010dku za\u010dala Beru\u0161ka (Ka\u010dka) prvky z aerobiku a pak pokra\u010dovaly tane\u010dn\u00ed kreace s Tomem. Po rozcvi\u010dce na n\u00e1s \u010dekala sn\u00eddan\u011b a rychl\u00fd \u00faklid pokoj\u016f.<\/p>\n<p>Pan\u00ed zdravotnice si pro n\u00e1s p\u0159ipravila p\u0159edn\u00e1\u0161ku o nebezpe\u010d\u00edch v\u00a0l\u00e9t\u011b, jak p\u0159edch\u00e1zet \u00faraz\u016fm a vysv\u011btlila z\u00e1klady prvn\u00ed pomoci. Po dopoledn\u00ed sva\u010din\u011b, ke kter\u00e9 byl jogurt , n\u00e1sledovala p\u0159edn\u00e1\u0161ka \u010dlena Horsk\u00e9 z\u00e1chrann\u00e9 slu\u017eby v\u00a0Peci pod Sn\u011b\u017ekou. Jeho vypr\u00e1v\u011bn\u00ed o hor\u00e1ch, o neuk\u00e1zn\u011bn\u00fdch turistech, kte\u0159\u00ed nerespektuj\u00ed pravidla chov\u00e1n\u00ed v\u00a0hor\u00e1ch i praktick\u00e9 uk\u00e1zky byly velmi poutav\u00e9.<\/p>\n<p>K ob\u011bdu jsme m\u011bli brokolicovou pol\u00e9vku, ku\u0159ec\u00ed steh\u00fdnko a r\u00fd\u017ei. Po kr\u00e1tk\u00e9m odpo\u010dinku jsme vyrazili do Ob\u0159\u00edho a Modr\u00e9ho dolu. \u00a0Nohy jsme si osv\u011b\u017eili v Modr\u00e9m potoce. Celou cestu jsme byli une\u0161en\u00ed z\u00a0n\u00e1dhern\u00fdch v\u00fdhled\u016f na Studni\u010dn\u00ed horu, R\u016f\u017eovou horu a na Sn\u011b\u017eku. V\u00a0Peci jsme si koupili pohlednice a zn\u00e1mky. V\u0161ichni jsme se t\u011b\u0161ili na ve\u010de\u0159i, v\u00fdborn\u00e9 dom\u00e1c\u00ed houskov\u00e9 knedl\u00edky s vep\u0159ov\u00fdmi kousky ve smetanov\u00e9 om\u00e1\u010dce.<\/p>\n<p>V\u00a0podve\u010der prob\u011bhla orienta\u010dn\u00ed hra. Dvojice dostala kompas a pomoc\u00ed znalosti hlavn\u00edch a vedlej\u0161\u00edch sv\u011btov\u00fdch stran hledala p\u00edsmenka k vy\u0159e\u0161en\u00ed tajenky. Po ve\u010dern\u00ed hygien\u011b jsme si zazp\u00edvali na dobrou noc Watanay a Mraven\u010d\u00ed ukol\u00e9bavku.<\/p>\n<p><a href=\"https:\/\/photos.app.goo.gl\/cByQLhVYuNnXrmmM6\" target=\"_blank\" rel=\"noopener\"><img loading=\"lazy\" decoding=\"async\" class=\"alignnone\" src=\"https:\/\/lh3.googleusercontent.com\/pw\/AP1GczOcIusgu8nUpxUHmUXKhSC5M9QmB20iYJ2o5Pt2BbG_dpX9KbfKsdk4m6qvHTZfM49QFgib-vTa0P_p48oN3cylBWb8qsvDaWzxL4Tfy4TgZYymazLrRo2jNEcWtbhTqDcFAxdCQ2N2dvEnYh93pDFB0A=w1581-h890-s-no-gm?authuser=0\" alt=\"\" width=\"368\" height=\"207\" \/><\/a><\/p>\n<p>&nbsp;<\/p>\n<p><strong>POND\u011aL\u00cd 17. \u010dervna<\/strong><\/p>\n<p>Po rann\u00edm ne\u010dekan\u00e9m zpo\u017ed\u011bn\u00ed autobusu prvn\u00ed den na\u0161\u00ed \u0161koly v p\u0159\u00edrod\u011b ji\u017e prob\u00edhal bez jedin\u00e9 chybi\u010dky. Cestou jsme se zastavili, nasva\u010dili se, prot\u00e1hli a pokra\u010dovali d\u00e1l. Do Pece pod Sn\u011b\u017ekou jsme dorazili v doprovodu kr\u00e1sn\u00e9ho letn\u00edho slun\u00ed\u010dka. Vylo\u017eili jsme kufry a op\u011bt nastoupili do autobusu. Ten n\u00e1s dovezl do Jansk\u00fdch L\u00e1zn\u00ed ke Stezce korunami strom\u016f, kde na n\u00e1s \u010dekala pr\u016fvodkyn\u011b z KRNAPu. B\u011bhem nau\u010dn\u00e9 stezky jsem se od n\u00ed dozv\u011bd\u011bli spoustu zaj\u00edmavost\u00ed o lese, jeho v\u00fdznamu, ochran\u011b lesa, o rostlin\u00e1ch a zv\u00ed\u0159atech, kter\u00e9 v lese m\u016f\u017ee vid\u011bt. P\u0159ekvapilo n\u00e1s, jak mal\u00fd brou\u010dek, l\u00fdko\u017erout, dok\u00e1\u017ee zni\u010dit takovou spoustu strom\u016f. Nahoru nad koruny strom\u016f jsme vy\u0161li \u00fapln\u011b v\u0161ichni, i ti, kte\u0159\u00ed m\u011bli dole obavy, \u017ee sv\u016fj strach nep\u0159ekonaj\u00ed. Rozhled byl n\u00e1dhernou odm\u011bnou za odvahu.<\/p>\n<p>Do Jansk\u00fdch L\u00e1zn\u00ed jsme do\u0161li kr\u00e1snou lesn\u00ed cestou. Posed\u011bli jsme na kolon\u00e1d\u011b a dojedli sva\u010dinu. Po 16. hodin\u011b jsme nasedli do linkov\u00e9ho autobusu a odjeli do Pece. Do penzionu jsme do\u0161li celkem sv\u011b\u017e\u00ed. \u010cekala n\u00e1s v\u00fdborn\u00e1 ve\u010de\u0159e \u2013 v\u00fdvar s vaj\u00ed\u010dkem, ku\u0159ec\u00ed steak s hranolky a sal\u00e1tek. Skoro ka\u017ed\u00fd si p\u0159idal.<\/p>\n<p>Po ve\u010de\u0159i jsme si vyr\u00e1b\u011bli jmenovky na dve\u0159e s motivem Ferdy a jeho kamar\u00e1d\u016f a vzkazovou schr\u00e1nku. Na z\u00e1v\u011br dne jsme si vy\u010distili zuby, vysprchovali se a ulehli do nov\u00fdch post\u00fdlek.<\/p>\n<p>Hl\u00e1\u0161ky dne:<br \/>\n<em>\u2026 p\u0159i\u0161el cestou za Ka\u010dkou se slovy: \u201eMn\u011b n\u011bco stud\u00ed v kalhotech\u201c. Ka\u010dka zjistila, \u017ee \u2026 v batohu vyteklo pit\u00ed a voda mu tekla a\u017e do kalhot.<\/em><\/p>\n<p><em>\u201e&#8230;, kde jsi m\u011bl \u010dekat\u201c? \u201eV z\u00e1chod\u011b\u201c.<\/em><\/p>\n<p><em>\u2026 se nemohl dostat do kufru, zamkl si ho a zak\u00f3doval. K\u00f3d v\u0161ak zapomn\u011bl.<\/em><\/p>\n<p><a href=\"https:\/\/photos.app.goo.gl\/961kHc18iRGFp2ta7\" target=\"_blank\" rel=\"noopener\"><img loading=\"lazy\" decoding=\"async\" class=\"alignnone\" src=\"https:\/\/lh3.googleusercontent.com\/pw\/AP1GczPyQa4Qye4aNmeKYTt5wzfum9yRFbcxE4uq2VFpPHPKLsJf6gRYKPieTcS1kvoFFk78_6M3d1M0TRA0TDijc9jl4AIoc1OObQ9Ncwv1FeDmg30CzWTw5Bmg8vMdTI863lrnmfOHJgC5-ABUdU1sVVHtEQ=w1187-h890-s-no-gm?authuser=0\" alt=\"\" width=\"335\" height=\"251\" \/><\/a><\/p>\n","protected":false},"excerpt":{"rendered":"<p>P\u00c1TEK 21. \u010dervna \u00a0 \u00a0 \u00a0 \u00a0 \u00a0R\u00e1no jsme se probudili a nesta\u010dili se divit, kde se kdo probudil. Byla to p\u011bkn\u00e1 legrace. N\u011bkdo m\u011bl dokonce na sob\u011b vzkaz \u010di obr\u00e1zek. Vr\u00e1tili jsme se do sv\u00fdch pokoj\u016f, uklidili si a \u0161li na sn\u00eddani, po kter\u00e9 byla je\u0161t\u011b vyhodnocena stezka odvahy a etiketa s Ferdou. \u00a0 [&hellip;]<\/p>\n","protected":false},"author":1,"featured_media":0,"parent":18,"menu_order":0,"comment_status":"closed","ping_status":"closed","template":"","meta":{"footnotes":""},"class_list":["post-24","page","type-page","status-publish","hentry"],"_links":{"self":[{"href":"http:\/\/helbab.cz\/stare2024\/wp-json\/wp\/v2\/pages\/24","targetHints":{"allow":["GET"]}}],"collection":[{"href":"http:\/\/helbab.cz\/stare2024\/wp-json\/wp\/v2\/pages"}],"about":[{"href":"http:\/\/helbab.cz\/stare2024\/wp-json\/wp\/v2\/types\/page"}],"author":[{"embeddable":true,"href":"http:\/\/helbab.cz\/stare2024\/wp-json\/wp\/v2\/users\/1"}],"replies":[{"embeddable":true,"href":"http:\/\/helbab.cz\/stare2024\/wp-json\/wp\/v2\/comments?post=24"}],"version-history":[{"count":5,"href":"http:\/\/helbab.cz\/stare2024\/wp-json\/wp\/v2\/pages\/24\/revisions"}],"predecessor-version":[{"id":83,"href":"http:\/\/helbab.cz\/stare2024\/wp-json\/wp\/v2\/pages\/24\/revisions\/83"}],"up":[{"embeddable":true,"href":"http:\/\/helbab.cz\/stare2024\/wp-json\/wp\/v2\/pages\/18"}],"wp:attachment":[{"href":"http:\/\/helbab.cz\/stare2024\/wp-json\/wp\/v2\/media?parent=24"}],"curies":[{"name":"wp","href":"https:\/\/api.w.org\/{rel}","templated":true}]}}