{"id":10534,"date":"2014-09-29T21:35:01","date_gmt":"2014-09-29T20:35:01","guid":{"rendered":"http:\/\/helbab.cz\/?page_id=10534"},"modified":"2025-06-25T16:01:24","modified_gmt":"2025-06-25T15:01:24","slug":"akce-tridy","status":"publish","type":"page","link":"https:\/\/helbab.cz\/?page_id=10534","title":{"rendered":"Akce v 1. t\u0159\u00edd\u011b"},"content":{"rendered":"<p><strong>MIRAKULUM<\/strong><\/p>\n<p><a href=\"https:\/\/photos.app.goo.gl\/PgS15KdEGwszJFFq6\" target=\"_blank\" rel=\"noopener\"><img loading=\"lazy\" decoding=\"async\" class=\"alignnone\" src=\"https:\/\/lh3.googleusercontent.com\/pw\/AP1GczOStw4KyuU6_7egcBMuyZehvF5v0KA92Foz3o8mxwRecee9s9qJnnliQ-H2VFC77ar517nsWURIy6FJLwxRJwVTBHQoFwfVHUDgiDcd_mrwrAnHtXBwQi-IRgqtWnkoBSkXsnxYhPr92Ea6JkKqytrYbw=w1118-h839-s-no-gm?authuser=0\" alt=\"\" width=\"278\" height=\"209\" \/><\/a><\/p>\n<p><strong>SLAVNOST \u010cTEN\u00cd<\/strong><\/p>\n<p><a href=\"https:\/\/photos.app.goo.gl\/pPeFMKErQQQcfFmD7\" target=\"_blank\" rel=\"noopener\"><img loading=\"lazy\" decoding=\"async\" class=\"alignnone\" src=\"https:\/\/lh3.googleusercontent.com\/pw\/AP1GczNwReq0SvM5mMuNKax3AuuPSMEuh13H39TiSqAd9tf1e6eL7Ji76o0Cueaom2fIbs1uApfe1ZTCdoYkCfbtSZhZ1q2lXcFxYTxEN_qTr_4a1W2ZGurCJWxBcB4UgEgz4Ema40ACjYwh96DuB4h2Bf78zg=w1266-h839-s-no-gm?authuser=0\" alt=\"\" width=\"278\" height=\"184\" \/><\/a><\/p>\n<p><b>D\u011aTI S KN\u00cd\u017dKOU<\/b><\/p>\n<p><a href=\"https:\/\/photos.app.goo.gl\/ho7Lk9tAYnyrnuGZ7\" target=\"_blank\" rel=\"noopener\"><img loading=\"lazy\" decoding=\"async\" class=\"alignnone\" src=\"https:\/\/lh3.googleusercontent.com\/pw\/AP1GczN4HO1sbBT5o9f7Rnvu5mptx2FylAJ-d1ejOjFpBgp-rarAvz6laVPu4ZDDMm-gtnZIR7e-_YBfUsrrxGZTTYzsG6v2Kq09DOBE8AuSfINTVfQUL2K2fRm4jm5YC-iyOgkVGUdaqC0fev3dW1vIBzhg1Q=w555-h839-s-no-gm?authuser=0\" alt=\"\" width=\"278\" height=\"421\" \/><\/a><\/p>\n<p><strong>ZOO PRAHA<\/strong><\/p>\n<p><a href=\"https:\/\/photos.app.goo.gl\/fJjMii83HJxZb5RG7\" target=\"_blank\" rel=\"noopener\"><img loading=\"lazy\" decoding=\"async\" class=\"alignnone\" src=\"https:\/\/lh3.googleusercontent.com\/pw\/AP1GczP6KsOUOTAtSmB22yzy4yaZ1yCv8MhPHeSIsKKS2B__pusuwsatdu98pbLeZk_hDi-qZe1rdWuDse2_STqda62viw5EUwR4rVuyh22ZAt6nk_-rFO5zisyhmVfAmAYXbijIkbxRoTjF-SjrYrnNQqJqJw=w903-h839-s-no-gm?authuser=0\" alt=\"\" width=\"282\" height=\"262\" \/><\/a><\/p>\n<p><strong>SV\u011aT HMYZU &#8211; MUZEUM KOL\u00cdN<\/strong><\/p>\n<p>Ve st\u0159edu 28.kv\u011btna jsme nav\u0161t\u00edvili Region\u00e1ln\u00ed muzeum v Kol\u00edn\u011b. Je\u0161t\u011b p\u0159ed prohl\u00eddkou muzea jsme do\u0161li na Bartolom\u011bjsk\u00e9 n\u00e1vr\u0161\u00ed, kde jsme si prohl\u00e9dli za chr\u00e1mem sv. Bartolom\u011bje kr\u00e1sn\u011b upraven\u00e9 zahrady. Na ji\u017en\u00ed stran\u011b chr\u00e1mu jsme se sna\u017eili naj\u00edt poz\u016fstatky slune\u010dn\u00edch hodin, kter\u00e9 pat\u0159\u00ed k nejstar\u0161\u00edm v \u010cesk\u00e9 republice. U chr\u00e1mu jsme si v\u0161imli star\u00fdch kamenn\u00fdch dom\u016f, kde jsou um\u00edst\u011bny n\u011bkter\u00e9 \u010d\u00e1sti muzea. N\u00e1\u0161 program o hmyz\u00ed \u0159\u00ed\u0161i byl p\u0159ipraven v hlavn\u00ed \u010d\u00e1sti muzea na Karlov\u011b n\u00e1m\u011bst\u00ed, kam jsme se po sva\u010din\u011b p\u0159esunuli. Pan\u00ed lektorka n\u00e1s sezn\u00e1mila s n\u011bkter\u00fdmi druhy hmyzu a s jednotliv\u00fdmi v\u00fdvojov\u00fdmi stadii mot\u00fdl\u016f prost\u0159ednictv\u00edm p\u0159\u00edb\u011bhu v\u010delky M\u00e1ji. Zopakovali jsme si stavbu t\u011bla hmyzu a pozn\u00e1vali z\u00e1stupce t\u00e9to \u0159\u00ed\u0161e. \u00a0Ve v\u00fdstavn\u00ed s\u00edni jsme si po prohl\u00eddce jednotliv\u00fdch expon\u00e1t\u016f vyzkou\u0161eli, co v\u0161echno jsme si o hmyzu zapamatovali.<\/p>\n<p><a href=\"https:\/\/photos.app.goo.gl\/Kx5JPdpv8c2fpj5J8\" target=\"_blank\" rel=\"noopener\"><img loading=\"lazy\" decoding=\"async\" class=\"alignnone\" src=\"https:\/\/lh3.googleusercontent.com\/pw\/AP1GczO4eZ8WDnCalEdMCKyAQbiyAStVXosPLKrB9NXv2Vhx5qdmwV65httCKUkeqKYot5DmtzFwi1_EImREkOXf8xc1GkC94IVF0OV8c0FLNsD079kAT643ZGwlHghkRliDL7HeyDe1dsNLWCVynXdnF5Xrcg=w1118-h839-s-no-gm?authuser=0\" alt=\"\" width=\"309\" height=\"232\" \/><\/a><\/p>\n<p><strong>\u010cAROD\u011aJNICK\u00dd DEN<\/strong><\/p>\n<p><a href=\"https:\/\/photos.app.goo.gl\/Nf3gBrUSJmoBtrHs5\" target=\"_blank\" rel=\"noopener\"><img loading=\"lazy\" decoding=\"async\" class=\"alignnone\" src=\"https:\/\/lh3.googleusercontent.com\/pw\/AP1GczNt0Ag-8QkjEOl79pq5HyPcJHPgrV9Ra9f0k3cjfSr-dx9h0BduipbBX2LR-PkiKYoouxZ0AzFOdey-VzIuIIsZxRhSdSUWxiCdV3ZW2rQtbwJu7iQEbf7Pu67ORDjie6o3epJco5cTj0y6M_sEJsAd_w=w1118-h839-s-no-gm?authuser=0\" alt=\"\" width=\"300\" height=\"225\" \/><\/a><\/p>\n<p><strong>N\u00c1V\u0160T\u011aVA SZe\u0160 POD\u011aBRADY<\/strong><\/p>\n<p>V\u00a0p\u00e1tek 25.dubna jsme se vlakem vydali do Pod\u011bbrad, kde jsme nav\u0161t\u00edvili st\u0159edn\u00ed zem\u011bd\u011blskou \u0161kolu. B\u011bhem dubna se bohu\u017eel program na\u0161\u00ed n\u00e1v\u0161t\u011bvy musel zm\u011bnit. D\u00edky ochran\u011b zv\u00ed\u0159at p\u0159ed kulhavkou a slintavkou jsme nemohli nav\u0161t\u00edvit \u0161koln\u00ed statek a po dal\u0161\u00edm zp\u0159\u00edsn\u011bn\u00ed pravidel ochrany jsme si nemohli prohl\u00e9dnout ani men\u0161\u00ed hospod\u00e1\u0159sk\u00e1 zv\u00ed\u0159ata, kter\u00e1 jsou chov\u00e1na p\u0159\u00edmo ve \u0161koln\u00edm are\u00e1lu. P\u0159esto si studenti spole\u010dn\u011b s\u00a0pedagogy t\u00e9to \u0161koly p\u0159ipravili pro n\u00e1s velmi zaj\u00edmav\u00fd program. Zopakovali jsme si u\u010divo o ochran\u011b na\u0161\u00ed p\u0159\u00edrody, o t\u0159\u00edd\u011bn\u00ed odpadu, sezn\u00e1mili jsme se s\u00a0n\u011bkter\u00fdmi zv\u00ed\u0159aty, kter\u00e1 doma chov\u00e1me pro radost, dozv\u011bd\u011bli jsme se zaj\u00edmav\u00e9 informace o zv\u00ed\u0159atech, kter\u00e1 nepat\u0159\u00ed mezi p\u016fvodn\u00ed evropsk\u00e9 druhy. V\u0161em se l\u00edbila i prohl\u00eddka \u0161koln\u00edch chodeb, kde je velk\u00e1 expozice nejr\u016fzn\u011bj\u0161\u00edch vycpan\u00fdch \u017eivo\u010dich\u016f. Nejv\u011bt\u0161\u00edm z\u00e1\u017eitkem byla mo\u017enost si ka\u017ed\u00e9 zv\u00ed\u0159e pohladit a vz\u00edt do ruky.<\/p>\n<p><a href=\"https:\/\/photos.app.goo.gl\/916dSDoEYPTzZzuQ9\" target=\"_blank\" rel=\"noopener\"><img loading=\"lazy\" decoding=\"async\" class=\"alignnone\" src=\"https:\/\/lh3.googleusercontent.com\/pw\/AP1GczMoomdnUgSEoqvJ7ZRnv4ogVH2zMfBFD_ICTjkF1YI02lev0qeiJPhIdT7_tiMOvXWYkYkOZrvZJmuMCNTa5N7Qs3oUGtGHNUM8LbHiwHgOIyJz9R8I4wPgmjtyrRkqcD_Ka61vkH11DWnC5lnHmQOYyw=w1118-h839-s-no-gm?authuser=0\" alt=\"\" width=\"264\" height=\"198\" \/><\/a><\/p>\n<p><strong>BESEDA &#8211; M\u016eJ PES, M\u016eJ KAMAR\u00c1D<\/strong><\/p>\n<p><a href=\"https:\/\/photos.app.goo.gl\/ntgDLSLc59u8gMHF7\" target=\"_blank\" rel=\"noopener\"><img loading=\"lazy\" decoding=\"async\" class=\"alignnone\" src=\"https:\/\/lh3.googleusercontent.com\/pw\/AP1GczOFfHHOwgFyDPTcvuQfGevqo3A3Wp1tkD9qbm-QwIFhF7mA9DLECfHXPHr0Gqlcon6UFQm7AXUvMVYTLm73qzTHQb1glVcFaaz_lswcJyg35-IseTrO65PHg9eUQUdDErLuXigeTJQ_AD_fGnojUfq2YA=w1491-h839-s-no-gm?authuser=0\" alt=\"\" width=\"262\" height=\"148\" \/><\/a><\/p>\n<p><strong>LISTOV\u00c1N\u00cd &#8211; DOBRODRU\u017dSTV\u00cd STR\u00dd\u010cKA LUDV\u00cdKA<\/strong><\/p>\n<p>V pond\u011bl\u00ed 7. dubna n\u00e1s herci Luk\u00e1\u0161 Hejl\u00edk a Alan Novotn\u00fd sezn\u00e1mili s knihou Dobrodru\u017estv\u00ed str\u00fd\u010dka Ludv\u00edka. N\u011bkte\u0159\u00ed z n\u00e1s dokonce mohli herc\u016fm pomoci k ztv\u00e1rn\u011bn\u00ed n\u011bkter\u00fdch neuv\u011b\u0159iteln\u00fdch p\u0159\u00edhod poh\u00e1dkov\u00e9ho str\u00fd\u010dka Ludv\u00edka.<\/p>\n<p><a href=\"https:\/\/photos.app.goo.gl\/hi6zLeG7c5cRFxXq7\" target=\"_blank\" rel=\"noopener\"><img loading=\"lazy\" decoding=\"async\" class=\"alignnone\" src=\"https:\/\/lh3.googleusercontent.com\/pw\/AP1GczNDdlg6QfHk9edbV71m6WSu_KoB4FHGm8AACMWeG0SKME3fZXXrmXNMK--IjkoWAkuTINLIJ8K6yb3mmK95AviRiRqQgy9mZGVaQIRI1uM60lTTBAsK8gNMNXD6qDqZq8xzwShxC-sF7IL6hrwopA0F-Q=w1118-h839-s-no-gm?authuser=0\" alt=\"\" width=\"272\" height=\"204\" \/><\/a><\/p>\n<p><strong>POZN\u00c1V\u00c1ME JARN\u00cd KV\u011aTINY VE \u0160KOLE I V LESE<\/strong><\/p>\n<p><a href=\"https:\/\/photos.app.goo.gl\/4NihtrRSax9v7KXo7\" target=\"_blank\" rel=\"noopener\"><img loading=\"lazy\" decoding=\"async\" class=\"alignnone\" src=\"https:\/\/lh3.googleusercontent.com\/pw\/AP1GczNKuLL2DqdkOyS3wfuH895wNRkeiMgsdOti9wsVLFNjbN6ne3_vQYel6af3_cwKDK9SGb4FxKAQZH6xy6JHUmZgNDe1QGzyv6n4fx0D9XVt9zdIPR5nG_1ihE2vGu8OU5PuK0TarhvZ-i0RsisB6daYcw=w1118-h839-s-no-gm?authuser=0\" alt=\"\" width=\"280\" height=\"210\" \/><\/a><\/p>\n<p><strong>PROJEKTOV\u00dd DEN S ANDERSENEM<\/strong><\/p>\n<p>V p\u00e1tek jsme se se\u0161li v na\u0161\u00ed t\u0159\u00edd\u011b spole\u010dn\u011b s kamar\u00e1dy z 1.B. Oseck\u00e1 knihovnice pan\u00ed Pol\u00e1kov\u00e1 n\u00e1s sezn\u00e1mila s \u017eivotem a d\u00edlem spisovatele Hanse Christiana Andersena a s akc\u00ed Noc s Andersenem. Dozv\u011bd\u011bli jsme se, \u010d\u00edm se poh\u00e1dky vyzna\u010duj\u00ed, pro\u010d vznikly a pro\u010d st\u00e1le nov\u00e9 poh\u00e1dky vznikaj\u00ed. Spole\u010dn\u011b jsme si prohl\u00e9dli vystaven\u00e9 kn\u00ed\u017eky a n\u011bkter\u00e9 poh\u00e1dky jsme si spole\u010dn\u00fdm vypr\u00e1v\u011bn\u00edm p\u0159ipomn\u011bli. Potom jsme ve skupink\u00e1ch podle obr\u00e1zk\u016f vym\u00fd\u0161leli sv\u00e9 vlastn\u00ed poh\u00e1dky. Po sva\u010din\u011b jsme \u0161li do parku u miner\u00e1ln\u00edho pramene, kde byly pro n\u00e1s p\u0159ipraven\u00e9 \u00fakoly, kter\u00e9 jsme museli vy\u0159e\u0161it. Hledali jsme n\u00e1zev v\u011b\u017ee, ve kter\u00e9 jsou schovan\u00e9 poh\u00e1dky. \u0158e\u0161ili jsme sudoku, pracovali s textem a po\u010d\u00edtali. Ka\u017ed\u00e1 skupinka z\u00edskala \u010d\u00e1st kl\u00ed\u010de, kter\u00fd jsme nakonec spole\u010dn\u011b slo\u017eili, \u010d\u00edm\u017e jsme cel\u00fd \u00fakol splnili. Ve t\u0159\u00edd\u011b n\u00e1m pan\u00ed u\u010ditelky p\u0159e\u010detly popletenou poh\u00e1dku O \u010derven\u00e9 Karkulce a na z\u00e1v\u011br dne jsme si zazp\u00edvali p\u00edsni\u010dku Malujeme poh\u00e1dku. K poh\u00e1dk\u00e1m se jist\u011b je\u0161t\u011b p\u0159\u00ed\u0161t\u00ed t\u00fdden vr\u00e1t\u00edme.<\/p>\n<p><a href=\"https:\/\/photos.app.goo.gl\/tdYi3X4b4wbs8nma9\" target=\"_blank\" rel=\"noopener\"><img loading=\"lazy\" decoding=\"async\" class=\"alignnone\" src=\"https:\/\/lh3.googleusercontent.com\/pw\/AP1GczMkxkZV1u2lUuhUYohGWTrqN2adMxJ3nl0oSrMj6EJvhE-a5ItbZQkeNhX7TXWoQf3HJqVr4KZytPLjLGs1ViDlnnWgK4NbsvwjrPLykzLB7u0_sa7YJnWbBhwLa4NBP_qLFrMMdfUG0OG44TjsDw7ooA=w1118-h839-s-no-gm?authuser=0\" alt=\"\" width=\"259\" height=\"194\" \/><\/a><\/p>\n<p><strong>VYHODNOCEN\u00cd SOUT\u011a\u017dE MATEMATICK\u00dd KLOKAN<\/strong><\/p>\n<p>Velkou pochvalu si zaslou\u017e\u00ed v\u0161ichni \u017e\u00e1ci prvn\u00edch t\u0159\u00edd, kte\u0159\u00ed uk\u00e1zali, \u017ee se n\u00e1ro\u010dn\u011bj\u0161\u00edch \u00faloh neboj\u00ed, sami si dok\u00e1\u017eou text \u00faloh p\u0159e\u010d\u00edst, promyslet i vy\u0159e\u0161it.<\/p>\n<p>zvl\u00e1\u0161tn\u00ed ocen\u011bn\u00ed KATEGORIE CVR\u010cEK \u2013 vyhodnocen\u00ed pouze \u017e\u00e1k\u016f 1. t\u0159\u00edd \u2013 \u00fa\u010dastnilo se 40 \u017e\u00e1k\u016f<\/p>\n<ol>\n<li>Tobi\u00e1\u0161 Kocfelda (1.A) \u2013 73 bod\u016f<\/li>\n<li>Mat\u011bj Ku\u010dera (1.A) \u2013 52 bod\u016f<\/li>\n<li>Patrik \u0160t\u00edcha (1.B) \u2013 50 bod\u016f<\/li>\n<\/ol>\n<p>KATEGORIE CVR\u010cEK (\u017e\u00e1ci 1., 2. a 3. t\u0159\u00edd) \u2013 \u00fa\u010dastnilo se 97 \u017e\u00e1k\u016f<\/p>\n<ol>\n<li>Barbora Kadl\u010d\u00edkov\u00e1 (3.B) \u2013 78 bod\u016f<\/li>\n<li>Tobi\u00e1\u0161 Kocfelda (1.A) \u2013 73 bod\u016f<\/li>\n<li>Marek \u0160m\u00edd (3.B) \u2013 69 bod\u016f<\/li>\n<\/ol>\n<p><a href=\"https:\/\/photos.app.goo.gl\/eAd8DWFh4krn2XhX9\" target=\"_blank\" rel=\"noopener\"><img loading=\"lazy\" decoding=\"async\" class=\"alignnone\" src=\"https:\/\/lh3.googleusercontent.com\/pw\/AP1GczNoiXWHUB3RUz_4eokNKyRQLPy4PNLRWnIH94tXqu4-0lh3lIOfCn6pBbjkpf6_0ZX-yRixIKU8QNZdOucUcCZ8kWUqyG7yaXnu3LCgpfitY-xPJGyb6uXNGuMHzgeMW0bhfCzPatwTYBschA-ZFRBqPg=w1118-h839-s-no-gm?authuser=0\" alt=\"\" width=\"242\" height=\"181\" \/><\/a><\/p>\n<p><strong>BESEDA &#8211; BEZPE\u010cNOST V DOPRAV\u011a<\/strong><\/p>\n<p><a href=\"https:\/\/photos.app.goo.gl\/cqpr1QDAWSevzLAw7\" target=\"_blank\" rel=\"noopener\"><img loading=\"lazy\" decoding=\"async\" class=\"alignnone\" src=\"https:\/\/lh3.googleusercontent.com\/pw\/AP1GczO21ttGoneGlj22HT37A_4T2KKOiK5lPgT0q1chpaihIL_Va1zwCwFJzgNgBjB677E9SWcHo4J664PohcWHKhOqnZd6AJpIw-cpnujx_RZ14ppTtqWsOb4miTemI-2KvVCfMpOuGxRZMXjEiNs1xas5yA=w1118-h839-s-no-gm?authuser=0\" alt=\"\" width=\"244\" height=\"183\" \/><\/a><\/p>\n<p><strong>B\u00c1SNI\u010cKOU A KL\u00cd\u010cEM ODEMYK\u00c1ME JARO<\/strong><\/p>\n<p><a href=\"https:\/\/photos.app.goo.gl\/ywhtTxnQAukRp7368\" target=\"_blank\" rel=\"noopener\"><img loading=\"lazy\" decoding=\"async\" class=\"alignnone\" src=\"https:\/\/lh3.googleusercontent.com\/pw\/AP1GczPoGZXBbwzPSYTjyEDfJyFu-pjrW6rbWR76Qq_Wyz1CZLJwDa8GOXk5JMDYpa_K5PPUQeifrVMnk5qICiXV9LuTsjgUsXdpC6NnzcywfesUemPJXwY0Kq6wOm7p-gotxj4OnttGJzCq-JVc2xZDKRdCmg=w1118-h839-s-no-gm?authuser=0\" alt=\"\" width=\"240\" height=\"180\" \/><\/a><\/p>\n<p><strong>U\u010c\u00cdME D\u011aTI ZE \u0160KOLKY<\/strong><\/p>\n<p><a href=\"https:\/\/photos.app.goo.gl\/QgyLVgySujaHLyKw5\" target=\"_blank\" rel=\"noopener\"><img loading=\"lazy\" decoding=\"async\" class=\"alignnone\" src=\"https:\/\/lh3.googleusercontent.com\/pw\/AP1GczPB05BRBEA_M4tZUFiv4e5MW0RLIudABq9IK8xfJ3ttlTOTjIp-pHVoackeIOnfRLQTum5hctML1YclolRPUbYSX1N1WdDiLZGBmizBhcq869DlSYIjjyxLtTkEOL1G6x09opRnTHAjyYuWCInu6Wpp7Q=w1118-h839-s-no-gm?authuser=0\" alt=\"\" width=\"244\" height=\"183\" \/><\/a><\/p>\n<p><strong>MATEMATIKA V LEDNU<\/strong><\/p>\n<p><a href=\"https:\/\/photos.app.goo.gl\/c9JUE1H39TLCGm9v7\" target=\"_blank\" rel=\"noopener\"><img loading=\"lazy\" decoding=\"async\" class=\"alignnone\" src=\"https:\/\/lh3.googleusercontent.com\/pw\/AP1GczNeV4a2taqBj30ajn4oki9FhHEW0NvWqQ16gBW4aShd7-r2701xea1RpJkjARE88jzKjM7iOkb7fISfAFK0_wxZJgl08haS933LkV3i3FqqF5O--4ws73bDmyQ97HQR4D-i6cAD9PRBpxuGzgAqV8ObmA=w1118-h839-s-no-gm?authuser=0\" alt=\"\" width=\"236\" height=\"177\" \/><\/a><\/p>\n<p><strong>V\u00c1NO\u010cN\u00cd POD\u011aBRADY<\/strong><\/p>\n<p><a href=\"https:\/\/photos.app.goo.gl\/4498DEtmvuBeFEf76\" target=\"_blank\" rel=\"noopener\"><img loading=\"lazy\" decoding=\"async\" class=\"\" src=\"https:\/\/lh3.googleusercontent.com\/pw\/AP1GczM3vUY-_e2_OXpAVBKBOzjgbmcMnPQHW5ldC1oxT3Ou4u1HE6-pyhPbCX7Sm0JFDl9lHBFrl6RB_2u0cbBF68OSBC7njVCYUb1NjkTN3L4LtDhYs2MJdqGc3Z0lakx5eVs2h1vVRWJf-dZa-ZzDbma-Tg=w1118-h839-s-no-gm?authuser=0\" width=\"242\" height=\"182\" \/><\/a><\/p>\n<p><strong>MIKUL\u00c1\u0160 V NA\u0160\u00cd T\u0158\u00cdD\u011a<\/strong><\/p>\n<p><a href=\"https:\/\/photos.app.goo.gl\/EjZAdxYAmV3uJvcR8\" target=\"_blank\" rel=\"noopener\"><img loading=\"lazy\" decoding=\"async\" class=\"alignnone\" src=\"https:\/\/lh3.googleusercontent.com\/pw\/AP1GczPDSOlJS9Cw05xC_kOChpf6BZnPW7S_C0n0dVjad04zDUUTEvcnz7yOfzzV9bAQJ7TDFy024vzYuD97ZibeWyM5G7GZj9lXZcVpXaSG7NU62OOo4gLJWj34tEwXmLvRb7nHX-bPwoM057IbuSAyPm573Q=w1118-h839-s-no-gm?authuser=0\" alt=\"\" width=\"237\" height=\"178\" \/><\/a><\/p>\n<p><strong>Z V\u00ddUKY V \u0158\u00cdJNU A LISTOPADU<\/strong><\/p>\n<p><a href=\"https:\/\/photos.app.goo.gl\/p7abcjyDdiKBXbNq8\" target=\"_blank\" rel=\"noopener\"><img loading=\"lazy\" decoding=\"async\" class=\"alignnone\" src=\"https:\/\/lh3.googleusercontent.com\/pw\/AP1GczPMx6i7_cMfCfYEchVOZEIZiWkk9P3f4RlNAGZdclL0MYBwmrLK3gDFMqguXMWkkrVws73rIe9MJ0kKnEXqt5DIeVYCH_qk2oICZMRkTOT5b6xqpxV66NMhPOT6PlvawpmykHpB3oeYOLSyWlmjtRA_Tw=w1118-h839-s-no-gm?authuser=0\" alt=\"\" width=\"236\" height=\"177\" \/><\/a><\/p>\n<p><strong>DIVADLO FERDA MRAVENEC<\/strong><\/p>\n<p><a href=\"https:\/\/photos.app.goo.gl\/SX7j3oSzNaJQPEZG9\" target=\"_blank\" rel=\"noopener\"><img loading=\"lazy\" decoding=\"async\" class=\"alignnone\" src=\"https:\/\/lh3.googleusercontent.com\/pw\/AP1GczMHIxNZfJliu-gc6j0KwUlseuyLZbXA1dW1mugB0ip6-6y5avMGv1lj7jLinbO4_qqs4vgm2-ixgqdnd6FeG_1u_yXpCKK9fn6sngcQIVzsy9D6EUsw02X6ScRkTJUa-nLcaQ34OzwgZO-X0rHjgFpLNA=w1492-h839-s-no-gm?authuser=0\" alt=\"\" width=\"246\" height=\"138\" \/><\/a><\/p>\n<p><strong>EXKURZE &#8211; N\u00c1RODN\u00cd MUZEUM<\/strong><\/p>\n<p>V \u00fater\u00fd 1.\u0159\u00edjna jsme se vydali vlakem na na\u0161i prvn\u00ed exkurzi. Na\u0161\u00edm c\u00edlem v Praze bylo N\u00e1rodn\u00ed muzeum. Z vlaku jsme vystoupili v Praze na hlavn\u00edm n\u00e1dra\u017e\u00ed, odkud jsme do\u0161li na V\u00e1clavsk\u00e9 n\u00e1m\u011bst\u00ed. Prohl\u00e9dli jsme si sochu sv. V\u00e1clava a n\u00e1dhern\u011b opravenou budovu N\u00e1rodn\u00edho muzea. Po vstupu do muzea jsme v\u0161ichni \u017easli nad n\u00e1dhernou v\u00fdzdobou. Moc se n\u00e1m l\u00edbily sochy, n\u00e1st\u011bnn\u00e9 malby, stropy. Nav\u0161t\u00edvili jsme jednu z nejkr\u00e1sn\u011bj\u0161\u00edch m\u00edstnost\u00ed muzea (Panteon), kde byly malby z historie na\u0161\u00ed zem\u011b a sochy \u010desk\u00fdch velik\u00e1n\u016f. V dal\u0161\u00edch s\u00e1lech jsme vid\u011bli miner\u00e1ly, meteority, z obdob\u00ed prav\u011bku n\u00e1s zaujali mamuti. O patro v\u00fd\u0161 jsme si prohl\u00e9dli p\u0159\u00edrodov\u011bdnou expozici. V\u011bt\u0161in\u011b z n\u00e1s se l\u00edbila expozice o savc\u00edch, ale zaujali n\u00e1s i pt\u00e1ci, ryby, hadi, oboj\u017eiveln\u00edci. I v m\u00edstnosti o hmyzu se n\u00e1m moc l\u00edbilo.<br \/>\nZ\u00a0muzea jsme pro\u0161li p\u0159es V\u00e1clavsk\u00e9 n\u00e1m\u011bst\u00ed na stanici metra M\u016fstek. Dal\u0161\u00edm velk\u00fdm z\u00e1\u017eitkem byla pro n\u00e1s j\u00edzda po dlouh\u00fdch jezd\u00edc\u00edch schodech, a nakonec i j\u00edzda metrem. Do Velk\u00e9ho Oseka jsme odjeli z\u00a0Prahy osobn\u00edm vlakem z\u00a0Masarykova n\u00e1dra\u017e\u00ed.<\/p>\n<p><a href=\"https:\/\/photos.app.goo.gl\/8ZSKqecS6SerH9uB8\" target=\"_blank\" rel=\"noopener\"><img loading=\"lazy\" decoding=\"async\" class=\"alignnone\" src=\"https:\/\/lh3.googleusercontent.com\/pw\/AP1GczM-bVJWk1Jwfz46mY_H87Kg7h7zCby-SxXdkeKsN9GNAozBEIDVwDh7xP50OhUcCvaAJ5cHqude-4hL4lFjDpWbwIa6KKSbcv6kqsmiDQ-IUvpvnKUiStWqBzst8J8iubZe_Px_YG0OpvKun72-tRcO1A=w1119-h839-s-no-gm?authuser=0\" alt=\"\" width=\"221\" height=\"166\" \/><\/a><\/p>\n<p><strong>Z V\u00ddUKY V Z\u00c1\u0158\u00cd<\/strong><\/p>\n<p><a href=\"https:\/\/photos.app.goo.gl\/jsaSRxSfUN2YVe9K6\" target=\"_blank\" rel=\"noopener\"><img loading=\"lazy\" decoding=\"async\" class=\"alignnone\" src=\"https:\/\/lh3.googleusercontent.com\/pw\/AP1GczORPgLLop4u78G9tHI5Snr-mIxFTxITlQnNR5FNsUGYeVqvJsGM2tAqJf1VYKI71TfUqsDm9Ou_I9JNlb7OykMBbVsntb9ILpy3Wu8PIDYjCS8dwlhNt6LsF4_mY83lNDqaMlEmTYKKVFSYeBgmMYwLkQ=w1119-h839-s-no-gm?authuser=0\" alt=\"\" width=\"209\" height=\"157\" \/><\/a><\/p>\n<p><strong>P\u00c1T\u00dd \u0160KOLN\u00cd DEN<\/strong><\/p>\n<p><a href=\"https:\/\/photos.app.goo.gl\/ciZmxPvxyBpo5dPaA\" target=\"_blank\" rel=\"noopener\"><img loading=\"lazy\" decoding=\"async\" class=\"alignnone\" src=\"https:\/\/lh3.googleusercontent.com\/pw\/AP1GczMKMMvVZbl4bFewkmZZ7mJGCmLx8lNcTiLWvn-G7C71pc7sD1LnDD7wTKBG__5_7PK0-6iFIj__e4ULWTyfoUGAMLRAWqPngO7JeeqiJCK2wVDDIyVHLgVcgFiRg4NoRu62TyVhYhzg9Amn0aNSZRIFSA=w1119-h839-s-no-gm?authuser=0\" alt=\"\" width=\"220\" height=\"165\" \/><\/a><\/p>\n<p><strong>\u010cTVRT\u00dd \u0160KOLN\u00cd DEN<\/strong><\/p>\n<p><a href=\"https:\/\/photos.app.goo.gl\/agrS9AcbaVczPoTAA\" target=\"_blank\" rel=\"noopener\"><img loading=\"lazy\" decoding=\"async\" class=\"alignnone\" src=\"https:\/\/lh3.googleusercontent.com\/pw\/AP1GczPT3avMRUM-AhVCHH0BDsRzzAUhSO0lqyLmQ4CUV6iI0rMqpc73Kc_mk49lP2PMs7aGRP0fEaz3axrq9KZzNPvqmSzU2apClu8xNeCWnpK20YOHdgPsdt72Rk3MrfKO90l1t96jK4LF5e_DaWAwqcpgTg=w1118-h839-s-no-gm?authuser=0\" alt=\"\" width=\"219\" height=\"164\" \/><\/a><\/p>\n<p><strong>SPRINTER \u0160KOLY<\/strong><\/p>\n<p><a href=\"https:\/\/photos.app.goo.gl\/R4M9s2iyo9GFzTjS9\" target=\"_blank\" rel=\"noopener\"><img loading=\"lazy\" decoding=\"async\" class=\"alignnone\" src=\"https:\/\/lh3.googleusercontent.com\/pw\/AP1GczOdDpK0BSivZEIk3x7bjHa5hB3Rkjh7WmJnB3HdCnWY21XFTDY72kcmbwgB9dQBd50VJoksYLh1MAPmAICyYMpdevrpjUhrNc89o6Obt2jSFk5fxuKt8WyhRYX6gcGRgEuCDXcIZTt3QqLnqW-0ARasIQ=w1491-h839-s-no-gm?authuser=0\" alt=\"\" width=\"220\" height=\"124\" \/><\/a><\/p>\n<p><strong>T\u0158ET\u00cd \u0160KOLN\u00cd DEN<\/strong><\/p>\n<p><a href=\"https:\/\/photos.app.goo.gl\/pgLefPYctnmHrrAWA\" target=\"_blank\" rel=\"noopener\"><img loading=\"lazy\" decoding=\"async\" class=\"alignnone\" src=\"https:\/\/lh3.googleusercontent.com\/pw\/AP1GczO0SiLaCxKjTr53j9hhNJzCTE8Aj5mBsn67osuIxgymEWQgndlkG-sqeaST-4PLsdiP_AO-0KvDvaWsLZdK5VWIQtWGsxtMPCqhMCg5lgn1tXshUpYye01bz454fTYzW_Ypx2KxmFdx7CdXbnSquMTPaw=w1118-h839-s-no-gm?authuser=0\" alt=\"\" width=\"222\" height=\"167\" \/><\/a><\/p>\n<p><strong>DRUH\u00dd DEN VE \u0160KOLE<\/strong><\/p>\n<p><a href=\"https:\/\/photos.app.goo.gl\/oTMssdFFQZUmCUFB9\" target=\"_blank\" rel=\"noopener\"><img loading=\"lazy\" decoding=\"async\" class=\"alignnone\" src=\"https:\/\/lh3.googleusercontent.com\/pw\/AP1GczMPLldkw5Gq4e0cXH0rMx-KhaQRZ4SYBZLTNTPs9MdYc_VyLc2tEF9zzh5CTfsCh17gBbIaDxcqmigIvIFcEb1uqudehuoCgYv62-BST2bI73aoq340rif_RHDyxueNVzWfDHCrkIeXoCT4MGgUJpNkHg=w1118-h839-s-no-gm?authuser=0\" alt=\"\" width=\"221\" height=\"166\" \/><\/a><\/p>\n<p><strong>PRVN\u00cd DEN VE \u0160KOLE<\/strong><\/p>\n<p><a href=\"https:\/\/photos.app.goo.gl\/bTZZ9tpLK6NRsEJB9\" target=\"_blank\" rel=\"noopener\"><img loading=\"lazy\" decoding=\"async\" class=\"alignleft wp-image-23715\" src=\"http:\/\/helbab.cz\/wp-content\/uploads\/638d8063-b8a6-4178-913c-3869cd6b865f-1024x719.jpg\" alt=\"\" width=\"221\" height=\"155\" srcset=\"https:\/\/helbab.cz\/wp-content\/uploads\/638d8063-b8a6-4178-913c-3869cd6b865f-1024x719.jpg 1024w, https:\/\/helbab.cz\/wp-content\/uploads\/638d8063-b8a6-4178-913c-3869cd6b865f-300x211.jpg 300w, https:\/\/helbab.cz\/wp-content\/uploads\/638d8063-b8a6-4178-913c-3869cd6b865f-768x539.jpg 768w, https:\/\/helbab.cz\/wp-content\/uploads\/638d8063-b8a6-4178-913c-3869cd6b865f-1536x1079.jpg 1536w, https:\/\/helbab.cz\/wp-content\/uploads\/638d8063-b8a6-4178-913c-3869cd6b865f.jpg 1952w\" sizes=\"(max-width: 221px) 100vw, 221px\" \/><\/a><\/p>\n","protected":false},"excerpt":{"rendered":"<p>MIRAKULUM SLAVNOST \u010cTEN\u00cd D\u011aTI S KN\u00cd\u017dKOU ZOO PRAHA SV\u011aT HMYZU &#8211; MUZEUM KOL\u00cdN Ve st\u0159edu 28.kv\u011btna jsme nav\u0161t\u00edvili Region\u00e1ln\u00ed muzeum v Kol\u00edn\u011b. Je\u0161t\u011b p\u0159ed prohl\u00eddkou muzea jsme do\u0161li na Bartolom\u011bjsk\u00e9 n\u00e1vr\u0161\u00ed, kde jsme si prohl\u00e9dli za chr\u00e1mem sv. Bartolom\u011bje kr\u00e1sn\u011b upraven\u00e9 zahrady. Na ji\u017en\u00ed stran\u011b chr\u00e1mu jsme se sna\u017eili naj\u00edt poz\u016fstatky slune\u010dn\u00edch hodin, kter\u00e9 pat\u0159\u00ed [&hellip;]<\/p>\n","protected":false},"author":1,"featured_media":0,"parent":13403,"menu_order":1,"comment_status":"closed","ping_status":"closed","template":"","meta":{"footnotes":""},"class_list":["post-10534","page","type-page","status-publish","hentry"],"_links":{"self":[{"href":"https:\/\/helbab.cz\/index.php?rest_route=\/wp\/v2\/pages\/10534"}],"collection":[{"href":"https:\/\/helbab.cz\/index.php?rest_route=\/wp\/v2\/pages"}],"about":[{"href":"https:\/\/helbab.cz\/index.php?rest_route=\/wp\/v2\/types\/page"}],"author":[{"embeddable":true,"href":"https:\/\/helbab.cz\/index.php?rest_route=\/wp\/v2\/users\/1"}],"replies":[{"embeddable":true,"href":"https:\/\/helbab.cz\/index.php?rest_route=%2Fwp%2Fv2%2Fcomments&post=10534"}],"version-history":[{"count":294,"href":"https:\/\/helbab.cz\/index.php?rest_route=\/wp\/v2\/pages\/10534\/revisions"}],"predecessor-version":[{"id":24996,"href":"https:\/\/helbab.cz\/index.php?rest_route=\/wp\/v2\/pages\/10534\/revisions\/24996"}],"up":[{"embeddable":true,"href":"https:\/\/helbab.cz\/index.php?rest_route=\/wp\/v2\/pages\/13403"}],"wp:attachment":[{"href":"https:\/\/helbab.cz\/index.php?rest_route=%2Fwp%2Fv2%2Fmedia&parent=10534"}],"curies":[{"name":"wp","href":"https:\/\/api.w.org\/{rel}","templated":true}]}}