{"id":20074,"date":"2022-01-18T17:15:27","date_gmt":"2022-01-18T16:15:27","guid":{"rendered":"http:\/\/helbab.cz\/?page_id=20074"},"modified":"2025-02-10T21:46:08","modified_gmt":"2025-02-10T20:46:08","slug":"hudebni-vychova","status":"publish","type":"page","link":"https:\/\/helbab.cz\/?page_id=20074","title":{"rendered":"Fl\u00e9tna"},"content":{"rendered":"<p><strong><span style=\"color: #0000ff;\">P\u00cdSNI\u010cKA:<\/span><\/strong><\/p>\n<p><span style=\"color: #0000ff;\">Hlavn\u011b, \u017ee jsme na vzduchu<\/span><\/p>\n<!--[if lt IE 9]><script>document.createElement('audio');<\/script><![endif]-->\n<audio class=\"wp-audio-shortcode\" id=\"audio-20074-1\" preload=\"none\" style=\"width: 100%;\" controls=\"controls\"><source type=\"audio\/mpeg\" src=\"http:\/\/helbab.cz\/wp-content\/uploads\/06-Hlavne-Ze-Jsme-Na-Vzduchu.mp3?_=1\" \/><a href=\"http:\/\/helbab.cz\/wp-content\/uploads\/06-Hlavne-Ze-Jsme-Na-Vzduchu.mp3\">http:\/\/helbab.cz\/wp-content\/uploads\/06-Hlavne-Ze-Jsme-Na-Vzduchu.mp3<\/a><\/audio>\n<p><strong><span style=\"color: #ff0000;\">FL\u00c9TNA:<\/span><\/strong><\/p>\n<p><strong><span style=\"color: #ff6600;\"><a style=\"color: #ff6600;\" href=\"http:\/\/helbab.cz\/wp-content\/uploads\/Co-v\u00edme-o-fl\u00e9tn\u011b.pdf\" target=\"_blank\" rel=\"noopener\">Co v\u00edme o fl\u00e9tn\u011b<\/a><\/span><\/strong><\/p>\n<p><strong><span style=\"color: #ff6600;\"><a style=\"color: #ff6600;\" href=\"http:\/\/helbab.cz\/wp-content\/uploads\/Noty-k-fl\u00e9tn\u011b.pdf\" target=\"_blank\" rel=\"noopener\">Noty k fl\u00e9tn\u011b<\/a><\/span><\/strong><\/p>\n<p><span style=\"color: #ff0000;\">str. 1 cv.1<\/span><\/p>\n<audio class=\"wp-audio-shortcode\" id=\"audio-20074-2\" preload=\"none\" style=\"width: 100%;\" controls=\"controls\"><source type=\"audio\/mpeg\" src=\"http:\/\/helbab.cz\/wp-content\/uploads\/Cviceni-1.m4a?_=2\" \/><a href=\"http:\/\/helbab.cz\/wp-content\/uploads\/Cviceni-1.m4a\">http:\/\/helbab.cz\/wp-content\/uploads\/Cviceni-1.m4a<\/a><\/audio>\n<p>&nbsp;<\/p>\n\n\n<p><\/p>\n","protected":false},"excerpt":{"rendered":"<p>P\u00cdSNI\u010cKA: Hlavn\u011b, \u017ee jsme na vzduchu FL\u00c9TNA: Co v\u00edme o fl\u00e9tn\u011b Noty k fl\u00e9tn\u011b str. 1 cv.1 &nbsp;<\/p>\n","protected":false},"author":1,"featured_media":0,"parent":4781,"menu_order":0,"comment_status":"closed","ping_status":"closed","template":"","meta":{"footnotes":""},"class_list":["post-20074","page","type-page","status-publish","hentry"],"_links":{"self":[{"href":"https:\/\/helbab.cz\/index.php?rest_route=\/wp\/v2\/pages\/20074"}],"collection":[{"href":"https:\/\/helbab.cz\/index.php?rest_route=\/wp\/v2\/pages"}],"about":[{"href":"https:\/\/helbab.cz\/index.php?rest_route=\/wp\/v2\/types\/page"}],"author":[{"embeddable":true,"href":"https:\/\/helbab.cz\/index.php?rest_route=\/wp\/v2\/users\/1"}],"replies":[{"embeddable":true,"href":"https:\/\/helbab.cz\/index.php?rest_route=%2Fwp%2Fv2%2Fcomments&post=20074"}],"version-history":[{"count":26,"href":"https:\/\/helbab.cz\/index.php?rest_route=\/wp\/v2\/pages\/20074\/revisions"}],"predecessor-version":[{"id":24435,"href":"https:\/\/helbab.cz\/index.php?rest_route=\/wp\/v2\/pages\/20074\/revisions\/24435"}],"up":[{"embeddable":true,"href":"https:\/\/helbab.cz\/index.php?rest_route=\/wp\/v2\/pages\/4781"}],"wp:attachment":[{"href":"https:\/\/helbab.cz\/index.php?rest_route=%2Fwp%2Fv2%2Fmedia&parent=20074"}],"curies":[{"name":"wp","href":"https:\/\/api.w.org\/{rel}","templated":true}]}}