{"id":23045,"date":"2024-02-01T19:42:09","date_gmt":"2024-02-01T18:42:09","guid":{"rendered":"http:\/\/helbab.cz\/?page_id=23045"},"modified":"2025-09-28T18:21:25","modified_gmt":"2025-09-28T17:21:25","slug":"predskolak","status":"publish","type":"page","link":"https:\/\/helbab.cz\/?page_id=23045","title":{"rendered":"P\u0158ED\u0160KOL\u00c1K"},"content":{"rendered":"<p><span style=\"color: #ff0000;\"><strong><a style=\"color: #ff0000;\" href=\"https:\/\/www.zsvelkyosek.cz\/aktuality\/informace-pro-rodice-budoucich-prvnacku-2024-25-638cs.html\" target=\"_blank\" rel=\"noopener\">informace pro rodi\u010de budouc\u00edch prv\u0148\u00e1k\u016f &#8211; web \u0161koly<\/a><\/strong><\/span><\/p>\n<p><span style=\"color: #0000ff;\">Sch\u016fzka s rodi\u010di budouc\u00edch prv\u0148\u00e1\u010dk\u016f se kon\u00e1 v \u00fater\u00fd 4. \u010dervna od 17 hodin ve t\u0159\u00edd\u011b 3.A.<\/span><\/p>\n<p><span style=\"color: #ff0000;\"><strong>10. SETK\u00c1N\u00cd<\/strong><\/span><\/p>\n<p>fotky &#8211; <a href=\"https:\/\/photos.google.com\/share\/AF1QipMc7ieFkwHMKc7KubHL2p2pTN7kQbULavb96I8Mbef1pxM2JxSim-BvKhhWa5xJrA\" target=\"_blank\" rel=\"noopener\">10. pond\u011bln\u00ed setk\u00e1n\u00ed<\/a>\u00a0 +\u00a0 <a href=\"https:\/\/photos.app.goo.gl\/EwusHMtojTARVabq8\" target=\"_blank\" rel=\"noopener\">10. \u00fatern\u00ed setk\u00e1n\u00ed<\/a><\/p>\n<p><span style=\"color: #ff0000;\"><strong>9. SETK\u00c1N\u00cd<\/strong><\/span><\/p>\n<p>fotky &#8211; <a href=\"https:\/\/photos.app.goo.gl\/yJyAyzXQgj8AmcUF8\" target=\"_blank\" rel=\"noopener\">9. pond\u011bln\u00ed setk\u00e1n\u00ed\u00a0<\/a> +\u00a0 <a href=\"https:\/\/photos.app.goo.gl\/Zdu4TeSUUYyYgFTQ9\" target=\"_blank\" rel=\"noopener\">9. \u00fatern\u00ed setk\u00e1n\u00ed<\/a><\/p>\n<p><a href=\"http:\/\/helbab.cz\/wp-content\/uploads\/d.cv_.-9.-setk\u00e1n\u00ed.pdf\" target=\"_blank\" rel=\"noopener\">d.cv. &#8211; 9. setk\u00e1n\u00ed<\/a>\u00a0 +\u00a0 <a href=\"http:\/\/helbab.cz\/wp-content\/uploads\/p\u0159ed\u0161kol\u00e1k-pro-rodi\u010de-9.-setk\u00e1n\u00ed.pdf\" target=\"_blank\" rel=\"noopener\">pr\u016fb\u011bh 9. setk\u00e1n\u00ed<\/a><\/p>\n<p><span style=\"color: #ff0000;\"><strong>8. SETK\u00c1N\u00cd<\/strong><\/span><\/p>\n<p>fotky &#8211; <a href=\"https:\/\/photos.app.goo.gl\/74LebzRWrtWojx6g6\" target=\"_blank\" rel=\"noopener\">8. pond\u011bln\u00ed setk\u00e1n\u00ed<\/a>\u00a0 +\u00a0 <a href=\"https:\/\/photos.app.goo.gl\/e1vkKYQ68o84FhXo9\" target=\"_blank\" rel=\"noopener\">8. \u00fatern\u00ed setk\u00e1n\u00ed<\/a><\/p>\n<p><a href=\"http:\/\/helbab.cz\/wp-content\/uploads\/d.cv_.-8.-setk\u00e1n\u00ed.pdf\" target=\"_blank\" rel=\"noopener\">d.cv. &#8211; 8. setk\u00e1n\u00ed<\/a> + <a href=\"http:\/\/helbab.cz\/wp-content\/uploads\/p\u0159ed\u0161kol\u00e1k-pro-rodi\u010de-8.-setk\u00e1n\u00ed.pdf\" target=\"_blank\" rel=\"noopener\">pr\u016fb\u011bh 8. setk\u00e1n\u00ed<\/a><\/p>\n<p><span style=\"color: #ff0000;\"><strong>7. SETK\u00c1N\u00cd<\/strong><\/span><\/p>\n<p>fotky &#8211; <a href=\"https:\/\/photos.app.goo.gl\/LwayiwAenLSshQ7y8\" target=\"_blank\" rel=\"noopener\">7. pond\u011bln\u00ed setk\u00e1n\u00ed<\/a>\u00a0 + <a href=\"https:\/\/photos.app.goo.gl\/VoSvLzmZxNdmXzPCA\" target=\"_blank\" rel=\"noopener\">7. \u00fatern\u00ed setk\u00e1n\u00ed<\/a><\/p>\n<p><a href=\"http:\/\/helbab.cz\/wp-content\/uploads\/d.cv_.-7.-setk\u00e1n\u00ed.pdf\" target=\"_blank\" rel=\"noopener\">d.cv. &#8211; 7. setk\u00e1n\u00ed<\/a> + <a href=\"http:\/\/helbab.cz\/wp-content\/uploads\/p\u0159ed\u0161kol\u00e1k-pro-rodi\u010de-7.-setk\u00e1n\u00ed.pdf\" target=\"_blank\" rel=\"noopener\">pr\u016fb\u011bh 7. setk\u00e1n\u00ed<\/a><\/p>\n<p><span style=\"color: #ff0000;\"><strong>6. SETK\u00c1N\u00cd<\/strong><\/span><\/p>\n<p>fotky &#8211; <a href=\"https:\/\/photos.app.goo.gl\/AmnNsMnL2qeo5Dhs7\" target=\"_blank\" rel=\"noopener\">6. pond\u011bln\u00ed setk\u00e1n\u00ed<\/a>\u00a0 + <a href=\"https:\/\/photos.app.goo.gl\/CVAyhHQ8neTSZ7nZ8\" target=\"_blank\" rel=\"noopener\">6. \u00fatern\u00ed setk\u00e1n\u00ed<\/a><\/p>\n<p><a href=\"http:\/\/helbab.cz\/wp-content\/uploads\/d.cv_.-6.-setk\u00e1n\u00ed.pdf\" target=\"_blank\" rel=\"noopener\">d.cv. &#8211; 6. setk\u00e1n\u00ed<\/a> + <a href=\"http:\/\/helbab.cz\/wp-content\/uploads\/p\u0159ed\u0161kol\u00e1k-pro-rodi\u010de-6.-setk\u00e1n\u00ed.pdf\" target=\"_blank\" rel=\"noopener\">pr\u016fb\u011bh 6. setk\u00e1n\u00ed<\/a><\/p>\n<p><span style=\"color: #ff0000;\"><strong>5. SETK\u00c1N\u00cd<\/strong><\/span><\/p>\n<p>fotky &#8211; <a href=\"https:\/\/photos.app.goo.gl\/7zLCGTduRMwY1p5C9\" target=\"_blank\" rel=\"noopener\">5. pond\u011bln\u00ed setk\u00e1n\u00ed<\/a>\u00a0 +\u00a0\u00a0<a href=\"https:\/\/photos.app.goo.gl\/Y83d7EDohhxmXmGF8\" target=\"_blank\" rel=\"noopener\">5. \u00fatern\u00ed setk\u00e1n\u00ed<\/a><\/p>\n<p><a href=\"http:\/\/helbab.cz\/wp-content\/uploads\/d.cv_.-5.-setk\u00e1n\u00ed.pdf\" target=\"_blank\" rel=\"noopener\">d.cv. &#8211; 5. setk\u00e1n\u00ed<\/a> + <a href=\"http:\/\/helbab.cz\/wp-content\/uploads\/p\u0159ed\u0161kol\u00e1k-pro-rodi\u010de-5.setk\u00e1n\u00ed.pdf\" target=\"_blank\" rel=\"noopener\">pr\u016fb\u011bh 5. setk\u00e1n\u00ed<\/a><\/p>\n<p><span style=\"color: #ff0000;\"><strong>4. SETK\u00c1N\u00cd<\/strong><\/span><\/p>\n<p>fotky &#8211; <a href=\"https:\/\/photos.app.goo.gl\/mKd6nBwQAgbkHPoH8\" target=\"_blank\" rel=\"noopener\">4. pond\u011bln\u00ed setk\u00e1n\u00ed<\/a>\u00a0 \u00a0+\u00a0 <a href=\"https:\/\/photos.app.goo.gl\/nyViAxqJd9yFf4s19\" target=\"_blank\" rel=\"noopener\">4. \u00fatern\u00ed setk\u00e1n\u00ed<\/a><\/p>\n<p><a href=\"http:\/\/helbab.cz\/wp-content\/uploads\/d.cv_.-4.-setk\u00e1n\u00ed.pdf\" target=\"_blank\" rel=\"noopener\">d.cv. &#8211; 4. setk\u00e1n\u00ed<\/a> + <a href=\"http:\/\/helbab.cz\/wp-content\/uploads\/4.-p\u0159ed\u0161kol\u00e1k-1.pdf\" target=\"_blank\" rel=\"noopener\">pr\u016fb\u011bh 4. setk\u00e1n\u00ed<\/a><\/p>\n<p><span style=\"color: #ff0000;\"><strong>3. SETK\u00c1N\u00cd<\/strong><\/span><\/p>\n<p>fotky &#8211; <a href=\"https:\/\/photos.app.goo.gl\/HpXmWfmXHwSUchPQ7\" target=\"_blank\" rel=\"noopener\">3. pond\u011bln\u00ed setk\u00e1n\u00ed<\/a>\u00a0 \u00a0+\u00a0 \u00a0<a href=\"https:\/\/photos.app.goo.gl\/GLTpGPnE13kKAdip9\" target=\"_blank\" rel=\"noopener\">3. \u00fatern\u00ed setk\u00e1n\u00ed<\/a><\/p>\n<p><a href=\"http:\/\/helbab.cz\/wp-content\/uploads\/d.cv_.-3.-setk\u00e1n\u00ed.pdf\" target=\"_blank\" rel=\"noopener\">d.cv. &#8211; 3. setk\u00e1n\u00ed<\/a> + <a href=\"http:\/\/helbab.cz\/wp-content\/uploads\/T\u0158ET\u00cd-HODINA.pdf\" target=\"_blank\" rel=\"noopener\">pr\u016fb\u011bh 3. setk\u00e1n\u00ed<\/a><\/p>\n<p><span style=\"color: #ff0000;\"><strong>2. SETK\u00c1N\u00cd<\/strong><\/span><\/p>\n<p>fotky &#8211; <a href=\"https:\/\/photos.app.goo.gl\/JTPTwXwXsaWcDXLV7\" target=\"_blank\" rel=\"noopener\">2. pond\u011bln\u00ed setk\u00e1n\u00ed<\/a>\u00a0 +\u00a0\u00a0<a href=\"https:\/\/photos.app.goo.gl\/wWiei4oJtYqhuU1X6\" target=\"_blank\" rel=\"noopener\">2. \u00fatern\u00ed setk\u00e1n\u00ed<\/a><\/p>\n<p><a href=\"http:\/\/helbab.cz\/wp-content\/uploads\/d.cv_.-2.setk\u00e1n\u00ed.pdf\" target=\"_blank\" rel=\"noopener\">d.cv. &#8211; 2.setk\u00e1n\u00ed<\/a>\u00a0 +<a href=\"http:\/\/helbab.cz\/wp-content\/uploads\/p\u0159ed\u0161kol\u00e1k-pro-rodi\u010de-2.-setk\u00e1n\u00ed-1.pdf\" target=\"_blank\" rel=\"noopener\">\u00a0pr\u016fb\u011bh 2. setk\u00e1n\u00ed<\/a><\/p>\n<p><span style=\"color: #ff0000;\"><strong>1. SETK\u00c1N\u00cd<\/strong><\/span><\/p>\n<p>fotky &#8211; <a href=\"https:\/\/photos.app.goo.gl\/hd8m8QpUL3W6BP7M7\" target=\"_blank\" rel=\"noopener\">1. pond\u011bln\u00ed setk\u00e1n\u00ed\u00a0<\/a> +\u00a0 <a href=\"https:\/\/photos.app.goo.gl\/ub5wbFDuGinHyBVj9\" target=\"_blank\" rel=\"noopener\">1. \u00fatern\u00ed setk\u00e1n\u00ed <\/a><\/p>\n<p><a href=\"http:\/\/helbab.cz\/wp-content\/uploads\/d.cv_.-1.-setk\u00e1n\u00ed.pdf\" target=\"_blank\" rel=\"noopener\">d.cv. &#8211; 1. setk\u00e1n\u00ed<\/a>\u00a0 + <a href=\"http:\/\/helbab.cz\/wp-content\/uploads\/p\u0159ed\u0161kol\u00e1k-pro-rodi\u010de-1.-setk\u00e1n\u00ed.pdf\" target=\"_blank\" rel=\"noopener\">pr\u016fb\u011bh 1. setk\u00e1n\u00ed<\/a><\/p>\n<p><strong><span style=\"color: #ff0000;\">INFORMACE PRO RODI\u010cE:<\/span><\/strong><\/p>\n<p><a href=\"https:\/\/www.jak-spravne-psat.cz\/cs\/priklady-spravneho-a-spatneho-psani\/\" target=\"_blank\" rel=\"noopener\"> jak spr\u00e1vn\u011b dr\u017eet tu\u017eku<\/a><\/p>\n<p><a href=\"http:\/\/helbab.cz\/wp-content\/uploads\/P\u0159ed\u0161kol\u00e1k-term\u00edny-p\u0159ed\u00e1v\u00e1n\u00ed-d\u011bt\u00ed-co-vz\u00edt-na-p\u0159ed\u0161kol\u00e1ky.jpg\" target=\"_blank\" rel=\"noopener\">informace &#8211; term\u00edny, p\u0159ed\u00e1v\u00e1n\u00ed d\u011bt\u00ed, co budou d\u011bti pot\u0159ebovat<\/a><\/p>\n","protected":false},"excerpt":{"rendered":"<p>informace pro rodi\u010de budouc\u00edch prv\u0148\u00e1k\u016f &#8211; web \u0161koly Sch\u016fzka s rodi\u010di budouc\u00edch prv\u0148\u00e1\u010dk\u016f se kon\u00e1 v \u00fater\u00fd 4. \u010dervna od 17 hodin ve t\u0159\u00edd\u011b 3.A. 10. SETK\u00c1N\u00cd fotky &#8211; 10. pond\u011bln\u00ed setk\u00e1n\u00ed\u00a0 +\u00a0 10. \u00fatern\u00ed setk\u00e1n\u00ed 9. SETK\u00c1N\u00cd fotky &#8211; 9. pond\u011bln\u00ed setk\u00e1n\u00ed\u00a0 +\u00a0 9. \u00fatern\u00ed setk\u00e1n\u00ed d.cv. &#8211; 9. setk\u00e1n\u00ed\u00a0 +\u00a0 pr\u016fb\u011bh 9. setk\u00e1n\u00ed [&hellip;]<\/p>\n","protected":false},"author":1,"featured_media":0,"parent":0,"menu_order":0,"comment_status":"closed","ping_status":"closed","template":"","meta":{"footnotes":""},"class_list":["post-23045","page","type-page","status-publish","hentry"],"_links":{"self":[{"href":"https:\/\/helbab.cz\/index.php?rest_route=\/wp\/v2\/pages\/23045"}],"collection":[{"href":"https:\/\/helbab.cz\/index.php?rest_route=\/wp\/v2\/pages"}],"about":[{"href":"https:\/\/helbab.cz\/index.php?rest_route=\/wp\/v2\/types\/page"}],"author":[{"embeddable":true,"href":"https:\/\/helbab.cz\/index.php?rest_route=\/wp\/v2\/users\/1"}],"replies":[{"embeddable":true,"href":"https:\/\/helbab.cz\/index.php?rest_route=%2Fwp%2Fv2%2Fcomments&post=23045"}],"version-history":[{"count":50,"href":"https:\/\/helbab.cz\/index.php?rest_route=\/wp\/v2\/pages\/23045\/revisions"}],"predecessor-version":[{"id":23620,"href":"https:\/\/helbab.cz\/index.php?rest_route=\/wp\/v2\/pages\/23045\/revisions\/23620"}],"wp:attachment":[{"href":"https:\/\/helbab.cz\/index.php?rest_route=%2Fwp%2Fv2%2Fmedia&parent=23045"}],"curies":[{"name":"wp","href":"https:\/\/api.w.org\/{rel}","templated":true}]}}