{"id":2351,"date":"2010-02-02T23:01:15","date_gmt":"2010-02-02T22:01:15","guid":{"rendered":"http:\/\/helbab.cz\/?page_id=2351"},"modified":"2026-04-01T06:16:16","modified_gmt":"2026-04-01T05:16:16","slug":"organizace-skolniho-roku-20092010","status":"publish","type":"page","link":"https:\/\/helbab.cz\/?page_id=2351","title":{"rendered":"Organizace \u0161koln\u00edho roku 2025\/2026"},"content":{"rendered":"<p><del><span style=\"color: #0000ff;\">\u0160koln\u00ed rok 2025\/2026 bude zah\u00e1jen v pond\u011bl\u00ed 1. z\u00e1\u0159\u00ed 2025 (od 8.00 do 8.45 hod.,<\/span> <span style=\"color: #0000ff;\">dru\u017eina za\u010d\u00edn\u00e1 a\u017e 2.9.)<\/span><\/del><\/p>\n<p><span style=\"color: #0000ff;\"><strong><span style=\"text-decoration: underline;\">DNY OTEV\u0158EN\u00ddCH DVE\u0158\u00cd:\u00a0<\/span><\/strong><\/span><\/p>\n<p><del><span style=\"color: #0000ff;\">25.9. (\u010cT) &#8211; 8.00 &#8211; 15.00<\/span><\/del><\/p>\n<p><span style=\"color: #0000ff;\">13.5. (ST) &#8211; 8.00 &#8211; 9.40<\/span><\/p>\n<p><span style=\"color: #0000ff;\"><strong><span style=\"text-decoration: underline;\">\u0158EDITELSK\u00c9 VOLNO<\/span>:<\/strong><\/span><\/p>\n<p><span style=\"color: #0000ff;\"><del>30.10. a 31.10. (\u010dtvrtek, p\u00e1tek)<\/del><\/span><\/p>\n<p><span style=\"color: #0000ff;\">29.6. a 30.6. (pond\u011bl\u00ed a \u00fater\u00fd)<\/span><\/p>\n<p><span style=\"color: #0000ff;\"><strong><span style=\"text-decoration: underline;\">PR\u00c1ZDNINY<\/span>:<\/strong><br \/>\n<\/span><\/p>\n<p><span style=\"color: #0000ff;\"><del>podzimn\u00ed pr\u00e1zdniny &#8211; 27. 10. a 29. 10. 2025 (pond\u011bl\u00ed + st\u0159eda)<\/del><strong><br \/>\n<\/strong><\/span><\/p>\n<p><span style=\"color: #0000ff;\"><del>v\u00e1no\u010dn\u00ed pr\u00e1zdniny &#8211; 22. 12. 2025 &#8211; 2. 1. 2026 (pond\u011bl\u00ed &#8211; p\u00e1tek), vyu\u010dov\u00e1n\u00ed za\u010dne v pond\u011bl\u00ed 5.1.2026<\/del><br \/>\n<\/span><\/p>\n<p><span style=\"color: #0000ff;\"><del>pololetn\u00ed pr\u00e1zdniny &#8211; 30. 1. 2026 (p\u00e1tek)<\/del><br \/>\n<\/span><\/p>\n<p><span style=\"color: #0000ff;\"><del>jarn\u00ed pr\u00e1zdniny &#8211; 9. 3. &#8211; 15. 3. 2026 (pond\u011bl\u00ed &#8211; ned\u011ble)<\/del><strong><br \/>\n<\/strong><\/span><\/p>\n<p><span style=\"color: #0000ff;\">velikono\u010dn\u00ed pr\u00e1zdniny &#8211; 2. 4. 2026 (\u010dtvrtek)<strong><br \/>\n<\/strong><\/span><\/p>\n<p><span style=\"color: #0000ff;\">hlavn\u00ed pr\u00e1zdniny &#8211; 1. 7. &#8211; 31. 8. 2026 (od soboty do ned\u011ble), vyu\u010dov\u00e1n\u00ed za\u010dne v \u00fater\u00fd 1.9.2026<\/span><\/p>\n<p><del><span style=\"color: #0000ff;\"><strong><span style=\"text-decoration: underline;\">T\u0158\u00cdDN\u00cd SCH\u016eZKY<\/span>:<\/strong><\/span><\/del><\/p>\n<p><del><span style=\"color: #0000ff;\">9.9.2024 &#8211; \u00fater\u00fd\u00a0 &#8211; od 16 hodin<\/span><\/del><\/p>\n<p><span style=\"color: #0000ff;\"><strong><span style=\"text-decoration: underline;\">INFORMACE O PROSP\u011aCHU A CHOV\u00c1N\u00cd<\/span><\/strong><\/span><\/p>\n<p><del><span style=\"color: #0000ff;\"><strong>pohovory s rodi\u010di:<\/strong> listopad &#8211; 20.(\u010dtvrtek &#8211; 12.30 &#8211; 18.00), 25.(\u00fater\u00fd 14.30 &#8211; 16.00)<\/span><\/del><\/p>\n<p><span style=\"color: #0000ff;\"><strong>pohovory s rodi\u010di a d\u00edt\u011btem:<\/strong> duben &#8211; 20.(pond\u011bl\u00ed 12.40 &#8211; 18.00), 21.(\u00fater\u00fd 14.20 &#8211; 16.00)<\/span><\/p>\n<p><span style=\"color: #ffffff;\">29.11. + 30.11. 2023 &#8211; st\u0159eda, \u010dtvrtek &#8211; pohovory u\u010ditel + rodi\u010d<\/span><\/p>\n<p><span style=\"color: #ffffff;\">22.4.+ 23.4. 2024 &#8211; pond\u011bl\u00ed, \u00fater\u00fd &#8211; pohovory u\u010ditel + rodi\u010d + \u017e\u00e1k<\/span><\/p>\n<p><span style=\"color: #ffffff;\"><strong><span style=\"text-decoration: underline;\">DNY OTEV\u0158EN\u00ddCH DVE\u0158\u00cd\u00a0<\/span><\/strong><\/span><\/p>\n<p><span style=\"color: #ffffff;\">12.12. (pond\u011bl\u00ed) &#8211; od 8.00 do 9.40 hod.<\/span><\/p>\n<p><span style=\"color: #ffffff;\">17.5. (st\u0159eda) &#8211; od 9.55 do 11.35 hod.<\/span><\/p>\n","protected":false},"excerpt":{"rendered":"<p>\u0160koln\u00ed rok 2025\/2026 bude zah\u00e1jen v pond\u011bl\u00ed 1. z\u00e1\u0159\u00ed 2025 (od 8.00 do 8.45 hod., dru\u017eina za\u010d\u00edn\u00e1 a\u017e 2.9.) DNY OTEV\u0158EN\u00ddCH DVE\u0158\u00cd:\u00a0 25.9. (\u010cT) &#8211; 8.00 &#8211; 15.00 13.5. (ST) &#8211; 8.00 &#8211; 9.40 \u0158EDITELSK\u00c9 VOLNO: 30.10. a 31.10. (\u010dtvrtek, p\u00e1tek) 29.6. a 30.6. (pond\u011bl\u00ed a \u00fater\u00fd) PR\u00c1ZDNINY: podzimn\u00ed pr\u00e1zdniny &#8211; 27. 10. a 29. [&hellip;]<\/p>\n","protected":false},"author":1,"featured_media":0,"parent":0,"menu_order":0,"comment_status":"open","ping_status":"closed","template":"","meta":{"footnotes":""},"class_list":["post-2351","page","type-page","status-publish","hentry"],"_links":{"self":[{"href":"https:\/\/helbab.cz\/index.php?rest_route=\/wp\/v2\/pages\/2351"}],"collection":[{"href":"https:\/\/helbab.cz\/index.php?rest_route=\/wp\/v2\/pages"}],"about":[{"href":"https:\/\/helbab.cz\/index.php?rest_route=\/wp\/v2\/types\/page"}],"author":[{"embeddable":true,"href":"https:\/\/helbab.cz\/index.php?rest_route=\/wp\/v2\/users\/1"}],"replies":[{"embeddable":true,"href":"https:\/\/helbab.cz\/index.php?rest_route=%2Fwp%2Fv2%2Fcomments&post=2351"}],"version-history":[{"count":153,"href":"https:\/\/helbab.cz\/index.php?rest_route=\/wp\/v2\/pages\/2351\/revisions"}],"predecessor-version":[{"id":25830,"href":"https:\/\/helbab.cz\/index.php?rest_route=\/wp\/v2\/pages\/2351\/revisions\/25830"}],"wp:attachment":[{"href":"https:\/\/helbab.cz\/index.php?rest_route=%2Fwp%2Fv2%2Fmedia&parent=2351"}],"curies":[{"name":"wp","href":"https:\/\/api.w.org\/{rel}","templated":true}]}}