{"id":23719,"date":"2024-09-03T21:37:13","date_gmt":"2024-09-03T20:37:13","guid":{"rendered":"https:\/\/helbab.cz\/?page_id=23719"},"modified":"2026-03-27T08:36:17","modified_gmt":"2026-03-27T07:36:17","slug":"nase-prace-2","status":"publish","type":"page","link":"https:\/\/helbab.cz\/?page_id=23719","title":{"rendered":"Na\u0161e pr\u00e1ce"},"content":{"rendered":"<p><span style=\"color: #ff0000;\"><strong>SN\u011a\u017dENKY<\/strong><\/span><\/p>\n<p><a href=\"https:\/\/photos.app.goo.gl\/PoRS1SwF9eFeUF9U6\" target=\"_blank\" rel=\"noopener\"><img loading=\"lazy\" decoding=\"async\" class=\"alignnone\" src=\"https:\/\/lh3.googleusercontent.com\/pw\/AP1GczMy9N28bZ8HUErzNiFlHIozXIEMA_VIXbmSBuKZev_u72X4qm7Hg52ww48Wf0X7ObfFtNSv4ya44EsNG_M7qeml6ncSNltRuwb5Q5-QfOMrm1Ol8d0HDdyjWuY7idA0MuEblsnqiiqIhRqAzfVqar7sNA=w1202-h1602-s-no-gm?authuser=0\" alt=\"\" width=\"227\" height=\"303\" \/><\/a><\/p>\n<p><strong><span style=\"color: #ff0000;\">UHODNE\u0160 P\u00cdSNI\u010cKU?<\/span><\/strong><\/p>\n<p><a href=\"https:\/\/photos.app.goo.gl\/1EjpuHtBt9khdFhP6\" target=\"_blank\" rel=\"noopener\"><img loading=\"lazy\" decoding=\"async\" class=\"alignnone\" src=\"https:\/\/lh3.googleusercontent.com\/pw\/AP1GczPUpodl8eMNoC6bP3TWepOuD84Jm7ToIWL9nWer9dk5MV9BQ7Qc8g3CEopoKNdoFAS99B9WOlucfzrJCEnzWXI_v0Na3Eri5w47BkIvaUk1XqVJie0wjsewcbMBvB1YsgulFUyl_uXoCxzHEsUDSWx6nA=w2136-h1602-s-no-gm?authuser=0\" alt=\"\" width=\"313\" height=\"235\" \/><\/a><\/p>\n<p><span style=\"color: #ff0000;\"><strong>KO\u010cI\u010cKY VE V\u00c1ZE<\/strong><\/span><\/p>\n<p><a href=\"https:\/\/photos.app.goo.gl\/ixw72sVzkvdo3RuR9\" target=\"_blank\" rel=\"noopener\"><img loading=\"lazy\" decoding=\"async\" class=\"alignnone\" src=\"https:\/\/lh3.googleusercontent.com\/pw\/AP1GczNsC5t85z7JJ7vo12hF_P_oHI-IKcZB7g19f9sOGDphsDdQcMYW858KAQI4jR0LBnou4QChQb8JnZfWkwHYnIH5zcyZxWChGCqOcwDX1iQGbaFY0o0aHwcez8FaZcnH_tmWcLxL2evH4IW3F0U146HuiA=w1202-h1602-s-no-gm?authuser=0\" alt=\"\" width=\"195\" height=\"260\" \/><\/a><\/p>\n<p><span style=\"color: #ff0000;\"><strong>ZIMN\u00cd OLYMPIJSK\u00c9 HRY<\/strong><\/span><\/p>\n<p><a href=\"https:\/\/photos.app.goo.gl\/qrQ3XnN7vJHFrFRr9\" target=\"_blank\" rel=\"noopener\"><img loading=\"lazy\" decoding=\"async\" class=\"alignnone\" src=\"https:\/\/lh3.googleusercontent.com\/pw\/AP1GczNPzctf8fo2zcIziKxqmyxiC5oLioC89J4tMyq033dBrg5ImzB5tciHjGPR9lFGFRN6OEwXq_E6dmoNAq77rU0mEnprhxQ2AvBpoWy-xqtWdbt-3xSTg6pEoNQOANSroJWl08UOSSqUvauTwC5drHolrA=w2136-h1602-s-no-gm?authuser=0\" alt=\"\" width=\"314\" height=\"235\" \/><\/a><\/p>\n<p><span style=\"color: #ff0000;\"><strong>N\u00c1VRH A REALIZACE KO\u0160ILKY<\/strong><\/span><\/p>\n<p><a href=\"https:\/\/photos.app.goo.gl\/2sEx6jbaax2TLMnw6\" target=\"_blank\" rel=\"noopener\"><img loading=\"lazy\" decoding=\"async\" class=\"alignnone\" src=\"https:\/\/lh3.googleusercontent.com\/pw\/AP1GczOjlCCdVnYgJcQ1HlCCjxWXqkJtNDT5jK_StV1dyj011z-ivAicd1Q-Z0SvaoS47UnMRPGVL4--uyEhCGUfno1fjYF0PBIIbG-5FPB7FSg8dd2GfMIZNTfVtknzmjbEApL8lHiFX5eWEEGnmSUIv9n0MA=w1330-h998-s-no-gm?authuser=0\" alt=\"\" width=\"326\" height=\"244\" \/><\/a><\/p>\n<p><span style=\"color: #ff0000;\"><strong>JEDEME NA HORY &#8211; \u010cEPICE A RUKAVICE<\/strong><\/span><\/p>\n<p><a href=\"https:\/\/photos.app.goo.gl\/jyepLdwJ7Whs8h3SA\" target=\"_blank\" rel=\"noopener\"><img loading=\"lazy\" decoding=\"async\" class=\"alignnone\" src=\"https:\/\/lh3.googleusercontent.com\/pw\/AP1GczOtJtONYzhWK9dJUArzoXhSYURE0o_6tcLWjd1chj8gsQAxJ3vrLFUbpDwgX--nqN5NtTdFlDDPXDpSDH54oAhCKg6ujnrzniQ0NQi1NK0IYBhGRtnu3riBLDv9eArQ0d5nH8pKnQmVZF7OI71M04tsVg=w768-h1024-s-no-gm?authuser=0\" alt=\"\" width=\"303\" height=\"404\" \/><\/a><\/p>\n<p><strong><span style=\"color: #ff0000;\">PEJSEK A KO\u010cI\u010cKA<\/span><\/strong><\/p>\n<p><a href=\"https:\/\/photos.app.goo.gl\/qmfVs4YRSkFft7uH7\" target=\"_blank\" rel=\"noopener\"><img loading=\"lazy\" decoding=\"async\" class=\"alignnone\" src=\"https:\/\/lh3.googleusercontent.com\/pw\/AP1GczNca19d5GFA7p8lLls41MSAX2LFDmn5tp5alMm13YfBpszuJ1pWUzo9nWHMuqgd9g1lrfAwTYbXuhDMhlsxWohIjEeYOsJ7Op7MDuFehy6cTJUVJQtZoGnpkC6qiMo26rbyxlJF4glcCccdiGw3L-gAhQ=w2136-h1602-s-no-gm?authuser=0\" alt=\"\" width=\"306\" height=\"230\" \/><\/a><\/p>\n<p><span style=\"color: #ff0000;\"><strong>OH\u0147OSTROJ<\/strong><\/span><\/p>\n<p><a href=\"https:\/\/photos.app.goo.gl\/ZYhkdthCDa2DzZaP9\" target=\"_blank\" rel=\"noopener\"><img loading=\"lazy\" decoding=\"async\" class=\"alignnone\" src=\"https:\/\/lh3.googleusercontent.com\/pw\/AP1GczN9XGgG-1W3lyLh--mqtJ9QJNVA8n2mbaLuSfAcFgb_VWbPdsjHvKpEoa8azmvw4l-0c7La6PiBW22PO3fyfJ89RRNj0V1qa_BW5LZ416V4cdeg1YBPOfnsXxSGvL8ZR5YFoP7xTKp9eWCo8DAvJSj1Qw=w282-h612-s-no-gm?authuser=0\" alt=\"\" width=\"282\" height=\"612\" \/><\/a><\/p>\n<p><span style=\"color: #ff0000;\"><strong>MOJE DOM\u00c1C\u00cd ZV\u00cd\u0158\u00c1TKO<\/strong><\/span><\/p>\n<p><a href=\"https:\/\/photos.app.goo.gl\/j3aU8QsKH3d6G9hc8\" target=\"_blank\" rel=\"noopener\"><img loading=\"lazy\" decoding=\"async\" class=\"alignnone\" src=\"https:\/\/lh3.googleusercontent.com\/pw\/AP1GczPNxqLQ9Uiy5P73JpR1n7qNOT8WuaWJDCVOdiR7uFk3rOFGVq_hbi6uHGlGucIoE7EAV0BlJTNRsaPz4su6C8mjuo9olsdMay2Zd6iKwGjZGeSm6ZU9TqA4X_gv5V3NVTQEXKLEtIr4K8vlbqWAxnQFnA=w2136-h1602-s-no-gm?authuser=0\" alt=\"\" width=\"303\" height=\"227\" \/><\/a><\/p>\n<p><span style=\"color: #ff0000;\"><strong>\u010cERT\u00cdCI<\/strong><\/span><\/p>\n<p><a href=\"https:\/\/photos.app.goo.gl\/HZSZuhsYtmBSqEVRA\" target=\"_blank\" rel=\"noopener\"><img loading=\"lazy\" decoding=\"async\" class=\"alignnone\" src=\"https:\/\/lh3.googleusercontent.com\/pw\/AP1GczOguyLJK4o91C0C6cN9Oye2BNue5DFTEpHAAwQqANesmnA2AFiOhA9IZK60Su4JSMPCcRzJBDv6pGfnT1sPF--PDq7gxygMIILw0yId6gvv2I2Ijg64y4xdfmoxkUCxhzFvPhC5b8HmsXpqDNcyz5Qpfw=w1024-h768-s-no-gm?authuser=0\" alt=\"\" width=\"303\" height=\"227\" \/><\/a><\/p>\n<p><span style=\"color: #ff0000;\"><strong>AND\u011aL SKL\u00c1DAC\u00cd<\/strong><\/span><\/p>\n<p><a href=\"https:\/\/photos.app.goo.gl\/1y9xn8HujHCnWgdo6\" target=\"_blank\" rel=\"noopener\"><img loading=\"lazy\" decoding=\"async\" class=\"alignnone\" src=\"https:\/\/lh3.googleusercontent.com\/pw\/AP1GczOONunz36Tom6h1LXX_Dbm0y6ei_u6Yowti1plTuSmdIwuo2oISKK5xZlwf_r7SxjQp0StVOsyE5pkhz6dqD0cgD-d0I3gmmA9bMtp8XzdMCyNTAngmNSsDALLwOJLEnQXvpuVr9LtuZeJXssRGLUISKA=w1024-h768-s-no-gm?authuser=0\" alt=\"\" width=\"302\" height=\"226\" \/><\/a><\/p>\n<p><span style=\"color: #ff0000;\"><strong>AND\u011aL<\/strong><\/span><\/p>\n<p><a href=\"https:\/\/photos.app.goo.gl\/mfbJ2cJaNyd9QyYy6\" target=\"_blank\" rel=\"noopener\"><img loading=\"lazy\" decoding=\"async\" class=\"alignnone\" src=\"https:\/\/lh3.googleusercontent.com\/pw\/AP1GczMag1PE0pNa_e964CcuIltKFz0Et9eZbUOj_F_f3ZHf878y11n7LAjJKrhNb9_UswHpXNga7qpc2I2H-qJ6sTY5GlZHZI6rieXROUwZ1B6JpBB1JihwNPun-bdycMXtoUJQdLQ3NkckHHEkJ5yWTbDObg=w1066-h1422-s-no-gm?authuser=0\" alt=\"\" width=\"304\" height=\"405\" \/><\/a><\/p>\n<p><span style=\"color: #ff0000;\"><strong>BETL\u00c9M<\/strong><\/span><\/p>\n<p><a href=\"https:\/\/photos.app.goo.gl\/WV4MUCCCsGEt95BSA\" target=\"_blank\" rel=\"noopener\"><img loading=\"lazy\" decoding=\"async\" class=\"alignnone\" src=\"https:\/\/lh3.googleusercontent.com\/pw\/AP1GczN8dtnd3v9sXEltc4XU6zAbo0TBmEj9MgbxtIEpsY7PD-CJaG4myIClPlWxWs6Q98cqaToUOk-YUMlhaJAqEtCrsJN0Jweeq1xzvej1xtjhDL7UPNLBSuH2Tf9dBk3ayJdDrUyhrCQ3TVBlDZeDZxznJw=w1749-h839-s-no-gm?authuser=0\" alt=\"\" width=\"312\" height=\"150\" \/><\/a><\/p>\n<p><span style=\"color: #ff0000;\"><strong>K\u016e\u0147 SV. MARTINA<\/strong><\/span><\/p>\n<p><a href=\"https:\/\/photos.app.goo.gl\/GjAT2QfGTvwiL7wf8\" target=\"_blank\" rel=\"noopener\"><img loading=\"lazy\" decoding=\"async\" class=\"alignnone\" src=\"https:\/\/lh3.googleusercontent.com\/pw\/AP1GczN7I45eyhJbNi-lro2xLMgtvJboMidnpP4TrN-RUn-UgYVd80NQSb3U-o4rs8U5qrjKoV7zFE_l4bDT6f8TeEsw9nCCmZqywDvPFW5U9HLI0YwnnIiUASQXKpafcMeIQ0cKY-rE208HzATnQy6JG45m_g=w629-h839-s-no-gm?authuser=0\" alt=\"\" width=\"268\" height=\"358\" \/><\/a><\/p>\n<p><span style=\"color: #ff0000;\"><strong>ILUSTRACE DIV. P\u0158EDSTAVEN\u00cd M\u011aLA BABKA<\/strong><\/span><\/p>\n<p><a href=\"https:\/\/photos.app.goo.gl\/XQjvxiMCaFhQNEGaA\" target=\"_blank\" rel=\"noopener\"><img loading=\"lazy\" decoding=\"async\" class=\"alignnone\" src=\"https:\/\/lh3.googleusercontent.com\/pw\/AP1GczPZgCo-8i1DKtXWA5U9LCM68O81ufhEuMDEGCveTdkTA71puAAsV9mdQkwULnf83FaQgTqepvNFy7L08UwZOIDAxTjyNkpwQoRIXo2_R3Nd_RKVVs4376sREx76mCbKnC6752Ujw4ZqkyeIbklB68c2Ww=w1118-h839-s-no-gm?authuser=0\" alt=\"\" width=\"269\" height=\"202\" \/><\/a><\/p>\n<p><span style=\"color: #ff0000;\"><strong>KO\u0160\u00cdK<\/strong><\/span><\/p>\n<p><a href=\"https:\/\/photos.app.goo.gl\/Pyxpvingkj6eh4F1A\" target=\"_blank\" rel=\"noopener\"><img loading=\"lazy\" decoding=\"async\" class=\"alignnone\" src=\"https:\/\/lh3.googleusercontent.com\/pw\/AP1GczMmkZTeMLIg3W9ENKMkj87GPHRBtDkq32ZMLggZ6_0aZeaV1ZjsXqtBaDAQcUuVxCIcCOSoSSL-Vn1uRjVYzcI1FOcLhw3uG_0e2CtNUBeGKboZcyMGlIaS1MtEGafMxjCezHwQf-l-UujiB5fSk0nMpA=w1118-h839-s-no-gm?authuser=0\" alt=\"\" width=\"272\" height=\"204\" \/><\/a><\/p>\n<p><span style=\"color: #ff0000;\"><strong>PAP\u00cdROV\u00dd DRAK<\/strong><\/span><\/p>\n<p><a href=\"https:\/\/photos.app.goo.gl\/CdACNgKNMxdTLDXM6\" target=\"_blank\" rel=\"noopener\"><img loading=\"lazy\" decoding=\"async\" class=\"alignnone\" src=\"https:\/\/lh3.googleusercontent.com\/pw\/AP1GczNUVe61S0k4u_S9dJbDZP8ZvjWOPJRhvkKvzZYSE6CDai8rFpKTSVza9ZZoav37aipYp8_e3TI67HMX2x9lbwoJ0jwYaGaLWDDrW6SpGuBotnF5QzjewxuWCgDGrjZLDZIReg1J9UawKd5X7SZg7sFXxQ=w629-h839-s-no-gm?authuser=0\" alt=\"\" width=\"190\" height=\"253\" \/><\/a><\/p>\n<p><span style=\"color: #ff0000;\"><strong>GEOMETRICK\u00c1 T\u011aLESA<\/strong><\/span><\/p>\n<p><a href=\"https:\/\/photos.app.goo.gl\/xw329wBHDzA5CGck9\" target=\"_blank\" rel=\"noopener\"><img loading=\"lazy\" decoding=\"async\" class=\"alignnone\" src=\"https:\/\/lh3.googleusercontent.com\/pw\/AP1GczNU4Er9_hutvOwxIMysusPU9NKDKAxfS2lOMSGmatIZ4erDl_UYQPyacdRAcLSPYIQJ7E_6m0zy5MXWkueMn-U6QNHhQK55o1UlUMKmD4tZQpTo_fv8WqhddMsrPB3f12j3wLp4NN-losutdyF1h2GdQA=w1118-h839-s-no-gm?authuser=0\" alt=\"\" width=\"265\" height=\"198\" \/><\/a><\/p>\n<p><strong><span style=\"color: #ff0000;\">M\u00cdSA S OVOCEM<\/span><\/strong><\/p>\n<p><a href=\"https:\/\/photos.app.goo.gl\/uRPahrkybHXTz7Gc8\" target=\"_blank\" rel=\"noopener\"><img loading=\"lazy\" decoding=\"async\" class=\"alignnone\" src=\"https:\/\/lh3.googleusercontent.com\/pw\/AP1GczPP6DyJWbSl4D_C0BHuKJcs8KUpcV3KEwBuc_mjvK0fB88AUOK2o18onA1CIVr7uVav43gTrxL4DSumeBoocQJ7YnjVgQb65U0heqhS0GIToC84vmT8sAOsCvD8upTGNa8AOccT1cYiVceY_bL2y66wSQ=w368-h828-s-no-gm?authuser=0\" alt=\"\" width=\"133\" height=\"299\" \/><\/a><\/p>\n<p><strong><span style=\"color: #ff0000;\">VY\u0160EHRAD<\/span><\/strong><\/p>\n<p><a href=\"https:\/\/photos.app.goo.gl\/gJVXBbX9H62XiwgP6\" target=\"_blank\" rel=\"noopener\"><img loading=\"lazy\" decoding=\"async\" class=\"alignnone\" src=\"https:\/\/lh3.googleusercontent.com\/pw\/AP1GczO1F00xJQ-hMaEsYWiqWVyQbGxLyqnROTJifXDVsRfylP0MiBZ3IWsonQpNVwxX_3lrOr-vIhWH7YKgOcVI2bxIte8BNuJUFp7FGTfvXkqyjK52W4vJ6ecNzDA8Ipt1PRXhdDt2j_uZfTvfh-uy_CQy3Q=w1118-h839-s-no-gm?authuser=0\" alt=\"\" width=\"284\" height=\"213\" \/><\/a><\/p>\n<p><span style=\"color: #ff0000;\"><strong>M\u016eJ MONOGRAM<\/strong><\/span><\/p>\n<p><a href=\"https:\/\/photos.app.goo.gl\/JXZ2DcAtuviKW13HA\" target=\"_blank\" rel=\"noopener\"><img loading=\"lazy\" decoding=\"async\" class=\"alignnone\" src=\"https:\/\/lh3.googleusercontent.com\/pw\/AP1GczPAdAIMnsIJfMrv8wGubUIlb2OoumDyQN5lIEI5ffDBBWHotC-lRb0fhlda9LNFY-DtxXRo6RpU-owomTbbQ3Bl0PdMWmL5fai-VjmOmHZs_UZJvPUpXB3hitgaAwhj7j5J7mNwcwIkttPiQ41A2kCJ1Q=w1118-h839-s-no-gm?authuser=0\" alt=\"\" width=\"287\" height=\"215\" \/><\/a><\/p>\n<p><span style=\"color: #ff0000;\"><strong>POHLEDNICE Z PR\u00c1ZDNIN<\/strong><\/span><\/p>\n<p><a href=\"https:\/\/photos.app.goo.gl\/MzijnEZsagz7rqcEA\" target=\"_blank\" rel=\"noopener\"><img loading=\"lazy\" decoding=\"async\" class=\"alignnone\" src=\"https:\/\/lh3.googleusercontent.com\/pw\/AP1GczM9lytbAj1RD-X1R9ki29HysqcBP6nbrKKsajvtuUVMF02Uj-YlOEZDpTANaAQwKDUwXt7LZolz8MY1-wKC8blda-1mUEgYKKVcH0TBTMjxd68sbh_FF_eUmf4tsJujmi_nPheKF9YsE8_81pjwU7I1Hw=w1118-h839-s-no-gm?authuser=0\" alt=\"\" width=\"287\" height=\"215\" \/><\/a><\/p>\n","protected":false},"excerpt":{"rendered":"<p>SN\u011a\u017dENKY UHODNE\u0160 P\u00cdSNI\u010cKU? KO\u010cI\u010cKY VE V\u00c1ZE ZIMN\u00cd OLYMPIJSK\u00c9 HRY N\u00c1VRH A REALIZACE KO\u0160ILKY JEDEME NA HORY &#8211; \u010cEPICE A RUKAVICE PEJSEK A KO\u010cI\u010cKA OH\u0147OSTROJ MOJE DOM\u00c1C\u00cd ZV\u00cd\u0158\u00c1TKO \u010cERT\u00cdCI AND\u011aL SKL\u00c1DAC\u00cd AND\u011aL BETL\u00c9M K\u016e\u0147 SV. MARTINA ILUSTRACE DIV. P\u0158EDSTAVEN\u00cd M\u011aLA BABKA KO\u0160\u00cdK PAP\u00cdROV\u00dd DRAK GEOMETRICK\u00c1 T\u011aLESA M\u00cdSA S OVOCEM VY\u0160EHRAD M\u016eJ MONOGRAM POHLEDNICE Z PR\u00c1ZDNIN<\/p>\n","protected":false},"author":1,"featured_media":0,"parent":0,"menu_order":0,"comment_status":"closed","ping_status":"closed","template":"","meta":{"footnotes":""},"class_list":["post-23719","page","type-page","status-publish","hentry"],"_links":{"self":[{"href":"https:\/\/helbab.cz\/index.php?rest_route=\/wp\/v2\/pages\/23719"}],"collection":[{"href":"https:\/\/helbab.cz\/index.php?rest_route=\/wp\/v2\/pages"}],"about":[{"href":"https:\/\/helbab.cz\/index.php?rest_route=\/wp\/v2\/types\/page"}],"author":[{"embeddable":true,"href":"https:\/\/helbab.cz\/index.php?rest_route=\/wp\/v2\/users\/1"}],"replies":[{"embeddable":true,"href":"https:\/\/helbab.cz\/index.php?rest_route=%2Fwp%2Fv2%2Fcomments&post=23719"}],"version-history":[{"count":49,"href":"https:\/\/helbab.cz\/index.php?rest_route=\/wp\/v2\/pages\/23719\/revisions"}],"predecessor-version":[{"id":25801,"href":"https:\/\/helbab.cz\/index.php?rest_route=\/wp\/v2\/pages\/23719\/revisions\/25801"}],"wp:attachment":[{"href":"https:\/\/helbab.cz\/index.php?rest_route=%2Fwp%2Fv2%2Fmedia&parent=23719"}],"curies":[{"name":"wp","href":"https:\/\/api.w.org\/{rel}","templated":true}]}}