{"id":25086,"date":"2025-09-10T12:55:01","date_gmt":"2025-09-10T11:55:01","guid":{"rendered":"https:\/\/helbab.cz\/?page_id=25086"},"modified":"2026-02-25T20:18:17","modified_gmt":"2026-02-25T19:18:17","slug":"akce-v-2-tride","status":"publish","type":"page","link":"https:\/\/helbab.cz\/?page_id=25086","title":{"rendered":"Akce ve 2. t\u0159\u00edd\u011b"},"content":{"rendered":"<p><span style=\"color: #ff0000;\"><strong>Recita\u010dn\u00ed sout\u011b\u017e &#8211; \u0161koln\u00ed kolo 2. t\u0159\u00edd<\/strong><\/span><\/p>\n<ol>\n<li>m\u00edsto &#8211; Hani\u010dka Abdalhafez, Ane\u017eka Kratochv\u00edlov\u00e1<\/li>\n<li>m\u00edsto &#8211; Nat\u00e1lka Kobsk\u00e1, Tob\u00edk Kocfelda<\/li>\n<li>m\u00edsto &#8211; Just\u00fdnka P\u0159evr\u00e1tilov\u00e1<\/li>\n<\/ol>\n<p><a href=\"https:\/\/photos.app.goo.gl\/iPfrLWaQJHBVbe3n9\" target=\"_blank\" rel=\"noopener\"><img loading=\"lazy\" decoding=\"async\" class=\"alignnone\" src=\"https:\/\/lh3.googleusercontent.com\/pw\/AP1GczOip0AudF_UySFR5DzTJW5K8BtLf5B_4Wl5DxwIBj1GxKnLH653H9LqdwpuEiyDXS20BSUUuWtYg7uD67pXHOWNmiverPEe6Aex6x18EcskK7Puy5PomPiXWeXnHl12qZRiE_09DWn5b0MT7GCzS0azNQ=w1882-h1602-s-no-gm?authuser=0\" alt=\"\" width=\"296\" height=\"252\" \/><\/a><\/p>\n<p><span style=\"color: #ff0000;\"><strong>Beseda se spisovatelkou Zuzanou Posp\u00ed\u0161ilovou<\/strong><\/span><\/p>\n<p><a href=\"https:\/\/photos.app.goo.gl\/LtKzbZfPuNmE2deH9\" target=\"_blank\" rel=\"noopener\"><img loading=\"lazy\" decoding=\"async\" class=\"alignnone\" src=\"https:\/\/lh3.googleusercontent.com\/pw\/AP1GczMlP8rT6-EX7HV0Bs-2WT_pfDYCvtQcdadoAeIUi6zZZvXU8d9CE76Rm3bzxWUXRSir2Y0olWdvtfiNSnPltOXGTpBTf2V82y71t9NrJ6Af3tGsEheKqLWdvamb7wvQm-dUnM9UToPkmm8ixM_v4wIDOA=w2848-h1602-s-no-gm?authuser=0\" alt=\"\" width=\"298\" height=\"168\" \/><\/a><\/p>\n<p><span style=\"color: #ff0000;\"><strong>Recita\u010dn\u00ed sout\u011b\u017e &#8211; t\u0159\u00eddn\u00ed kolo<\/strong><\/span><\/p>\n<ol>\n<li>m\u00edsto &#8211; Ane\u017eka Kratochv\u00edlov\u00e1<\/li>\n<li>m\u00edsto &#8211; Mat\u011bj Ku\u010dera, Tob\u00edk Kocfelda<\/li>\n<li>m\u00edsto &#8211; Nat\u00e1lka Kobsk\u00e1, Ondra Fago\u0161, David Werner<\/li>\n<\/ol>\n<p><a href=\"https:\/\/photos.app.goo.gl\/a9E7LvRgPQVpCwL66\" target=\"_blank\" rel=\"noopener\"><img loading=\"lazy\" decoding=\"async\" class=\"alignnone\" src=\"https:\/\/lh3.googleusercontent.com\/pw\/AP1GczOxW-kXpaKwoehiZVXqpPgcKgaCKG3lNg64ntjONy-AWbt1GR-DuzS_j-4zPAChBZEOYgCTGrplba8_3s3BWdx2VJK4-CIb-06EP5w1ZV_R-wgi0M_moG-D2Lk6K9ZFKELvy473WzX1Cv3utRCJxqeEsw=w1568-h1176-s-no-gm?authuser=0\" alt=\"\" width=\"302\" height=\"227\" \/><\/a><\/p>\n<p><strong><span style=\"color: #ff0000;\">Muzik\u00e1l Petr Pan<\/span><\/strong><\/p>\n<p><a href=\"https:\/\/photos.app.goo.gl\/mTwnGsCebxn2n7oa8\" target=\"_blank\" rel=\"noopener\"><img loading=\"lazy\" decoding=\"async\" class=\"alignnone\" src=\"https:\/\/lh3.googleusercontent.com\/pw\/AP1GczNLcA3awJtm-sUux-KX3yjhpO3KjqC3v-d8cQBhxZc2UCBedwbyIBcRngCzUc4FC_9B1HWl1S37eKZOIILRxUcq8XqMT4S_ivtr_esCc_Gw1jHFALgwjYOlpN2HDR4A8UB6c5FcGgKX-4EJrvIHTMDnyw=w2848-h1602-s-no-gm?authuser=0\" alt=\"\" width=\"299\" height=\"168\" \/><\/a><\/p>\n<p><span style=\"color: #ff0000;\"><strong>Bruslen\u00ed na M\u00e1\u010didle 13.1.<\/strong><\/span><\/p>\n<p><a href=\"https:\/\/photos.app.goo.gl\/eKqPZwYgshACvfqP8\" target=\"_blank\" rel=\"noopener\"><img loading=\"lazy\" decoding=\"async\" class=\"alignnone\" src=\"https:\/\/lh3.googleusercontent.com\/pw\/AP1GczMmtHpaLUj3F3rFYsefbzT6nH3LgmPeDbFhqQ7tfFZ73ZoqSzOyTiG2yDn1btMqDQ57cGJH6EBKnXHtRTaK6_SfGXV2O_JIL272aWoo7tn73kRJVAhPWXcsR0YlO99ewDSmG2oFs9pcCxr5iJnTrmvxvQ=w2136-h1602-s-no-gm?authuser=0\" alt=\"\" width=\"300\" height=\"225\" \/><\/a><\/p>\n<p><strong><span style=\"color: #ff0000;\">Bruslen\u00ed na M\u00e1\u010didle 9.1.<\/span><\/strong><\/p>\n<p><a href=\"https:\/\/photos.app.goo.gl\/zKiiFPwAyEfJLsCV6\" target=\"_blank\" rel=\"noopener\"><img loading=\"lazy\" decoding=\"async\" class=\"alignnone\" src=\"https:\/\/lh3.googleusercontent.com\/pw\/AP1GczMCNgxFvx9Fx7V13UP_WO5Tw6eEbUE8cEPbFRzl-XQxT3FgDqxDvCa30iTnH1sT7Dq9tLmHWbsan-Wp-UB0N8zDujQ8FnwoGTu7qBTPRqsQPfH5Rsom9Gq_Z6gxYGWtknN2Hsi0EfL7qhvd_Wr-obA7Iw=w2136-h1602-s-no-gm?authuser=0\" alt=\"\" width=\"300\" height=\"225\" \/><\/a><\/p>\n<p><strong><span style=\"color: #ff0000;\">V\u00e1no\u010dn\u00ed bes\u00eddka u n\u00e1s ve t\u0159\u00edd\u011b<\/span><\/strong><\/p>\n<p><a href=\"https:\/\/photos.app.goo.gl\/Jot53BX28YdrLbrr7\" target=\"_blank\" rel=\"noopener\"><img loading=\"lazy\" decoding=\"async\" class=\"alignnone\" src=\"https:\/\/lh3.googleusercontent.com\/pw\/AP1GczMjRawaFlYxKHMqDMi9QnGgvOpWw2PPOze0jPLr5Oqd1B9akHVtGlAwA4oTVCbYYGed8UWtoG2GeLhqrcMTUH1zvNOfY4gPIpoGI9hz-eZwqmzcoJV4QStuZnE8iwBuNxoWwIBzWKXEJkyfp7hx7-_-Dw=w1904-h1428-s-no-gm?authuser=0\" alt=\"\" width=\"298\" height=\"224\" \/><\/a><\/p>\n<p><strong><span style=\"color: #ff0000;\">V\u00e1no\u010dn\u00ed zp\u00edv\u00e1n\u00ed p\u0159ed \u0161kolou<\/span><\/strong><\/p>\n<p><strong><span style=\"color: #ff0000;\"><a href=\"https:\/\/photos.app.goo.gl\/iVpKyp2J9wQ6MMnw9\" target=\"_blank\" rel=\"noopener\"><img loading=\"lazy\" decoding=\"async\" class=\"alignnone\" src=\"https:\/\/lh3.googleusercontent.com\/pw\/AP1GczPyYeY-Dz1bMA6LjhjFT7oqiwdyMqPsck2U7AjVzH5u33xXInv0MEp6yp_FxrnilfCgJDWcmoCzL1qxhvNtBf753zBSVoVPBKnxtlek__aie2FWcaIUQ_WuNAgewxQAsg9wFmhPd5k056AAhm7DPCvk3A=w2538-h1428-s-no-gm?authuser=0\" alt=\"\" width=\"288\" height=\"162\" \/><\/a><\/span><\/strong><\/p>\n<p><strong><span style=\"color: #ff0000;\">V\u00e1no\u010dn\u00ed turnaj v pi\u0161kvork\u00e1ch<\/span><\/strong><\/p>\n<p><a href=\"https:\/\/photos.app.goo.gl\/bGg9q3oQgxLGRgwR9\" target=\"_blank\" rel=\"noopener\"><img loading=\"lazy\" decoding=\"async\" class=\"alignnone\" src=\"https:\/\/lh3.googleusercontent.com\/pw\/AP1GczO-UTRKMdEUoJD8DcY5PGak7mdSgk-QDE4Psw7iLb7RfuyFO2ZJoZhKP1LF2Mfk9DTe-4ew6TwZ8SBD4h9lnUiDbM_MNDZmWZW6OLB9BWlPOzp3UNKKqjKfyBxHXE5by_mGKr7t1dNBUCT1oKHuWUzhzA=w1904-h1428-s-no-gm?authuser=0\" alt=\"\" width=\"292\" height=\"219\" \/><\/a><\/p>\n<p><strong><span style=\"color: #ff0000;\">Hrajeme deskov\u00e9 hry<\/span><\/strong><\/p>\n<p><a href=\"https:\/\/photos.app.goo.gl\/zBKQNZmYmkJfCAdZ9\" target=\"_blank\" rel=\"noopener\"><img loading=\"lazy\" decoding=\"async\" class=\"alignnone\" src=\"https:\/\/lh3.googleusercontent.com\/pw\/AP1GczNd45PFR0_CGIhRYH1JV9oF2VPu89W5mpZnHpgS4MDB2PD81GtSqlBma8UP2TuIMULV97ebm-PUwOHK97QsbRVJd6WnRkHI3XAH5yWDsvR9hQpfHBbRcGrBSHHfCi5VJLcmn8x2oC5zBRPEbWJIuq5vKw=w1024-h768-s-no-gm?authuser=0\" alt=\"\" width=\"286\" height=\"215\" \/><\/a><\/p>\n<p><span style=\"color: #ff0000;\"><strong>V\u00fdstava Zden\u011bk Smetana a jeho sv\u011bty<\/strong><\/span><\/p>\n<p><a href=\"https:\/\/photos.app.goo.gl\/cymib5TEEoT6dKbM7\" target=\"_blank\" rel=\"noopener\"><img loading=\"lazy\" decoding=\"async\" class=\"alignnone\" src=\"https:\/\/lh3.googleusercontent.com\/pw\/AP1GczOpZlxsD7q-YKhl3mW5MPXQm8Mbk6d15jWh8fYlTiM8pROxYSUrSsPg9WpQMQaAOzcDUG2BtRi-znJ6CPZIFHgW2sncZJA0L7ctJVxsJ894hwN4rcm3unE0BsnqwJqwdLLMybp9dDlR6Ck_hjqSuI4WNQ=w2538-h1428-s-no-gm?authuser=0\" alt=\"\" width=\"284\" height=\"160\" \/><\/a><\/p>\n<p><span style=\"color: #ff0000;\"><strong>V\u00e1no\u010dn\u00ed koncert L\u0160U<\/strong><\/span><\/p>\n<p><a href=\"https:\/\/photos.app.goo.gl\/VLkH1MJRMWgeb3he6\" target=\"_blank\" rel=\"noopener\"><img loading=\"lazy\" decoding=\"async\" class=\"alignnone\" src=\"https:\/\/lh3.googleusercontent.com\/pw\/AP1GczOkgHy9P6gh5mDd5qggRe7dXvXbS9QzS8hyScD35ZEjNQVvyk2M_saaipOv6QTPPkGRf_uf5tQ0s92izglSN0DFk-qtBSD9PT_IOM-l48L76-1S57tI9AVTg80gDuBo0Xf_4Nduot1IRggAN3Pj2AZvMg=w2538-h1428-s-no-gm?authuser=0\" alt=\"\" width=\"278\" height=\"156\" \/><\/a><\/p>\n<p><span style=\"color: #ff0000;\"><strong>Mikul\u00e1\u0161 u n\u00e1s ve t\u0159\u00edd\u011b<\/strong><\/span><\/p>\n<p><a href=\"https:\/\/photos.app.goo.gl\/KWDRrYF1bwNnyop4A\" target=\"_blank\" rel=\"noopener\"><img loading=\"lazy\" decoding=\"async\" class=\"alignnone\" src=\"https:\/\/lh3.googleusercontent.com\/pw\/AP1GczPP0k2p3NHz8oGdC6TNk8C3Yju9NQzZvvtZm4jpEmRMeqxVMXEKPhX_6Km6VuYqKsECtjzBRHdegQ9ixR2FLjPevIPfJfV8e6AQ_s53iHCUzglNG3zuNSjMuiCfCr75QAya33d1dGssSKZwxQpfjkfNug=w1024-h768-s-no-gm?authuser=0\" alt=\"\" width=\"278\" height=\"209\" \/><\/a><\/p>\n<p><strong><span style=\"color: #ff0000;\">Beseda Respektuj m\u016fj osobn\u00ed prostor<\/span><\/strong><\/p>\n<p><a href=\"https:\/\/photos.app.goo.gl\/zLH8qX6RRsKZCP8n8\" target=\"_blank\" rel=\"noopener\"><img loading=\"lazy\" decoding=\"async\" class=\"alignnone\" src=\"https:\/\/lh3.googleusercontent.com\/pw\/AP1GczNvpWBf_XaVV6d4lwSf_qkRP-PuR1kvBbK-88IQTap1tenW_9Phsnqu8_Ex8QsPGQPGhluwbROU2MZDOXzlfpmHveNiwVbaZw81EcjcKhZaGzTEprlWF8isBwhmsM-q0eY3X2rO02vol0cpDbLllelTbw=w629-h839-s-no-gm?authuser=0\" alt=\"\" width=\"281\" height=\"375\" \/><\/a><\/p>\n<p><span style=\"color: #ff0000;\"><strong>T\u011blocvik na sn\u011bhu<\/strong><\/span><\/p>\n<p><a href=\"https:\/\/photos.app.goo.gl\/imWXAYqgTW8qNAY57\" target=\"_blank\" rel=\"noopener\"><img loading=\"lazy\" decoding=\"async\" class=\"alignnone\" src=\"https:\/\/lh3.googleusercontent.com\/pw\/AP1GczMdm-ItkrkViWoK-KVuwlDRCN8VyrBni7iMQ4yFNsVUW_B-tk70gci6B1n4nu4aEvYZOTQZWfdOEgsGjBO78fTcZVuRtoxJkIMLY7ZJXPVN2fTumaCGmqybk-YqyHlLyc8bG_P3dzMINhlwUBOgFJZRBQ=w1491-h839-s-no-gm?authuser=0\" alt=\"\" width=\"359\" height=\"202\" \/><\/a><\/p>\n<p><span style=\"color: #ff0000;\"><strong>N\u00e1rodn\u00ed muzeum &#8211; E. \u0160torch a prav\u011bk<\/strong><\/span><\/p>\n<p><a href=\"https:\/\/photos.app.goo.gl\/RNQsdX3HsdMZxkpP7\" target=\"_blank\" rel=\"noopener\"><img loading=\"lazy\" decoding=\"async\" class=\"alignnone\" src=\"https:\/\/lh3.googleusercontent.com\/pw\/AP1GczOp-d3rU43cnmYrWGUKrHbsxaOUHXDtba_S5XSMA0NzXTbBujcj0FU8X11mp9jVQzPOqLf9y7pYHkqqoCdB8qAvnHZJ_55sKMRXAFK1KJBB2Cklqpx4i8xy5phzZ6DGb2L9CPiHANTToUox4XEjyzqnEw=w1118-h839-s-no-gm?authuser=0\" alt=\"\" width=\"359\" height=\"269\" \/><\/a><\/p>\n<p><span style=\"color: #ff0000;\"><strong>Divadlo Libice n.C.<\/strong><\/span><\/p>\n<p><a href=\"https:\/\/photos.app.goo.gl\/EZpbTLUfQkmVJEhe7\" target=\"_blank\" rel=\"noopener\"><img loading=\"lazy\" decoding=\"async\" class=\"alignnone\" src=\"https:\/\/lh3.googleusercontent.com\/pw\/AP1GczMKKmYT5zpjvcfARrae3sH0CMjlRw4Nu9Qg0GQbWmRrA0XglWhnB5AH7csWhQT6gV4uRcnDOznPjx97ereKebbwjmou0zy4fQcaFIZ4Aad2INGDheJ26UXel3wLko-MrjAzGXJB08gGIU4dYkGkkWKNgQ=w1491-h839-s-no-gm?authuser=0\" alt=\"\" width=\"359\" height=\"202\" \/><\/a><\/p>\n<p><span style=\"color: #ff0000;\"><strong>Bruslen\u00ed a h\u00e1zen\u00e1<\/strong><\/span><\/p>\n<p><a href=\"https:\/\/photos.app.goo.gl\/yT3ppyrD7LUUXVbw8\" target=\"_blank\" rel=\"noopener\"><img loading=\"lazy\" decoding=\"async\" class=\"alignnone\" src=\"https:\/\/lh3.googleusercontent.com\/pw\/AP1GczOJoaYGlvA0VKjO6IzMSfVU-uNFpZQfM969Hkl66JTNDkeReDTZZqbflWhfkZ0KxhBEIm2tEiJ1Zg7YpDssECMZbIeTkSae9QRXu80Dy0cAECLlFrmQlmAOFYsjYzCnERCEeaxyrR8h7d-SyErNhpj8uw=w1118-h839-s-no-gm?authuser=0\" alt=\"\" width=\"366\" height=\"274\" \/><\/a><\/p>\n<p><strong><span style=\"color: #ff0000;\">Vych\u00e1zka &#8211; p\u0159\u00edroda na podzim<\/span><\/strong><\/p>\n<p><a href=\"https:\/\/photos.app.goo.gl\/Btv2inPNqscwRdQU7\" target=\"_blank\" rel=\"noopener\"><img loading=\"lazy\" decoding=\"async\" class=\"alignnone\" src=\"https:\/\/lh3.googleusercontent.com\/pw\/AP1GczMNH2CfPk8RV0nn7-13OoHLDdh9CQ4PHo5WoNOaW2cUjKopyguAI56haZIjWnJZErMCqXwpMaIgh6o4sJC83stlSjrAF02oBLSH_jTLBkHCaJzKNndXAcVQ1TGzF8UOlxlyayzO8vHt7bDKwCU5mG8fFA=w1118-h839-s-no-gm?authuser=0\" alt=\"\" width=\"368\" height=\"276\" \/><\/a><\/p>\n<p><strong><span style=\"color: #ff0000;\">Beseda s M. Belzovou<\/span><\/strong><\/p>\n<p><a href=\"https:\/\/photos.app.goo.gl\/oGYLhyVePd2CREJB7\" target=\"_blank\" rel=\"noopener\"><img loading=\"lazy\" decoding=\"async\" class=\"alignnone\" src=\"https:\/\/lh3.googleusercontent.com\/pw\/AP1GczOnxzea1b1StALquU4QdoVLpffpIwgbeA609SMoioaRgKjWlt9vd49zF1kN7whzyLzd4VYRf0qyusZVA7Hpe7IS6mkkDPOtEqU2w8PtNfk9Etn6LQ_5emtdibPELTjXlDlbKJOxoRnhzZHBr93Zv-aHxw=w2538-h1428-s-no-gm?authuser=0\" alt=\"\" width=\"369\" height=\"208\" \/><\/a><\/p>\n<p>&nbsp;<\/p>\n<p><span style=\"color: #ff0000;\"><strong>Na\u0161e v\u00fdstava k 90. v\u00fdro\u010d\u00ed \u0161koly<\/strong><\/span><\/p>\n<p><a href=\"https:\/\/photos.app.goo.gl\/zhzkAJP8598vtDqF6\" target=\"_blank\" rel=\"noopener\"><img loading=\"lazy\" decoding=\"async\" class=\"alignnone\" src=\"https:\/\/lh3.googleusercontent.com\/pw\/AP1GczMOUlz6tGk9VJe2xWRCHKwsce0wJrxzHqOht8-ipwnobkxUF6SbIpkS4OgHM9RSXVJy-Zl8zONevoczrDY2-odiWlWjT0dd2vi5zTUg0YG0LcD7TRonn2lPRksokbsvhiKoesKyKE1Y7NEdrsK29pXXWA=w1118-h839-s-no-gm?authuser=0\" alt=\"\" width=\"369\" height=\"277\" \/><\/a><\/p>\n<p><span style=\"color: #ff0000;\"><strong>N\u00e1rodn\u00ed muzeum a Vy\u0161ehrad<\/strong><\/span><\/p>\n<p>V pond\u011bl\u00ed 22. z\u00e1\u0159\u00ed jsme nav\u0161t\u00edvili N\u00e1rodn\u00ed muzeum a Vy\u0161ehrad. Cestou do Prahy jsme se za\u010dali u\u010dit b\u00e1sni\u010dku od Jana Vod\u0148ansk\u00e9ho Muzeum. Tato b\u00e1sni\u010dka n\u00e1m p\u0159ipomn\u011bla, co v\u0161echno m\u016f\u017eeme v muzeu vid\u011bt. Tentokr\u00e1t n\u00e1s \u010dekala v nov\u00e9 budov\u011b N\u00e1rodn\u00edho muzea prohl\u00eddka expozice 20. stolet\u00ed. Lektorky Eli\u0161ka a Ane\u017eka n\u00e1s sezn\u00e1mily s dobou p\u0159ed 100 lety (o t\u00e9to dob\u011b jsme si u\u017e vypr\u00e1v\u011bli minul\u00fd t\u00fdden, kdy jsme si prohl\u00ed\u017eeli u\u010debnice matematiky a \u010desk\u00e9ho jazyka, z kter\u00fdch se na\u0161i p\u0159edkov\u00e9 u\u010dili). Prohl\u00e9dli jsme si, jak v t\u00e9 dob\u011b vypadaly jednotliv\u00e9 m\u00edstnosti, v kter\u00fdch lid\u00e9 \u017eili. Uk\u00e1zali jsme si p\u0159\u00edstroje, kter\u00e9 se pou\u017e\u00edvaly. Vypr\u00e1v\u011bli jsme si o vzniku \u010ceskoslovenska, o prvn\u00edm prezidentu t\u00e9to republiky, vysv\u011btlili jsme si v\u00fdznam st\u00e1tn\u00edch symbol\u016f a na z\u00e1v\u011br n\u00e1m lektorka Ane\u017eka p\u0159e\u010detla z kn\u00ed\u017eky O pejskovi a ko\u010di\u010dce kapitolu 28. \u0159\u00edjen. Ve star\u00e9m obchod\u011b jsme si mohli jako pejsek s ko\u010di\u010dkou nakoupit a za n\u00e1kup jsme dostali \u010deskou (\u010deskoslovenskou) vlaje\u010dku.<\/p>\n<p>\u00a0\u00a0\u00a0\u00a0\u00a0\u00a0\u00a0\u00a0\u00a0\u00a0\u00a0\u00a0\u00a0\u00a0\u00a0\u00a0\u00a0\u00a0\u00a0\u00a0\u00a0\u00a0\u00a0 Z\u00a0N\u00e1rodn\u00edho muzea jsme metrem dojeli na Vy\u0161ehrad. Rozd\u011blili jsme se s\u00a0d\u011btmi z\u00a02.B do \u010dty\u0159 skupin. Ka\u017ed\u00e1 ze skupin dostala list s\u00a0jednou pov\u011bst\u00ed. Pov\u011bst jsme si museli p\u0159e\u010d\u00edst a nau\u010dit se ve skupin\u011b vypr\u00e1v\u011bt. \u010cetli jsme pov\u011bst o Krokovi a jeho dcer\u00e1ch, O Libu\u0161i a P\u0159emyslovi, O Ctiradovi a \u0160\u00e1rce a o Horym\u00edrovi a \u0160em\u00edkovi. Ka\u017edou pov\u011bst v\u017edy dan\u00e1 skupina vypr\u00e1v\u011bla ostatn\u00edm skupin\u00e1m. P\u0159i vypr\u00e1v\u011bn\u00ed jsme vyu\u017eili v\u00a0parku kr\u00e1sn\u00fdch souso\u0161\u00ed Libu\u0161e a P\u0159emysl a Ctirad a \u0160\u00e1rka. Pov\u011bst o Horym\u00edrovi n\u00e1m posledn\u00ed skupina vypr\u00e1v\u011bla p\u0159\u00edmo na hradb\u00e1ch nad \u0159ekou Vltavou.<\/p>\n<p>\u00a0\u00a0\u00a0\u00a0\u00a0\u00a0\u00a0\u00a0\u00a0 P\u0159i cest\u011b na tramvaj jsme pro\u0161li p\u0159es vy\u0161ehradsk\u00fd h\u0159bitov. V\u00edme, \u017ee je tam pochovan\u00e1 spisovatelka Bo\u017eena N\u011bmcov\u00e1 nebo t\u0159eba hudebn\u00ed skladatel\u00e9 Bed\u0159ich Smetana a Anton\u00edn Dvo\u0159\u00e1k. P\u0159i zp\u00e1te\u010dn\u00ed cest\u011b vlakem jsme si zopakovali slova b\u00e1sni\u010dky o muzeu a potom jsme si u\u017e\u00edvali voln\u00e9ho \u010dasu pov\u00edd\u00e1n\u00edm se sv\u00fdmi kamar\u00e1dy.<\/p>\n<p><a href=\"https:\/\/photos.app.goo.gl\/GLvvNNJsEm3rFYi16\" target=\"_blank\" rel=\"noopener\"><img loading=\"lazy\" decoding=\"async\" class=\"alignnone\" src=\"https:\/\/lh3.googleusercontent.com\/pw\/AP1GczOUHfFy_xbWzDzr371wK3lKGSWiRsxNKW29iHrKVsZJTBHmzMOhtOwU4fBYy6N4wGgoUAhiBJZTfJcmcVNB1POTgLS1WCNr--mDZT9KfUMDalzj54YlkYiuSuq-BnW4jNS75-zxwXTNoMUpMIA82UqYag=w1491-h839-s-no-gm?authuser=0\" alt=\"\" width=\"331\" height=\"186\" \/><\/a><\/p>\n<p><span style=\"color: #ff0000;\"><strong>Sprinter \u0161koly (kategorie 2. a 3. t\u0159\u00edda)<\/strong><\/span><\/p>\n<p>V \u00fater\u00fd 9. 9. se v na\u0161\u00ed \u0161kole konala sout\u011b\u017e Sprinter \u0161koly. Sout\u011b\u017eili jsme v kategorii 2. a 3. t\u0159\u00edd a b\u011b\u017eeli jsme 50 m. Do fin\u00e1le se probojovalo 5 d\u00edvek a 5 chlapc\u016f s nejlep\u0161\u00edm \u010dasem. Z na\u0161\u00ed t\u0159\u00eddy se fin\u00e1le z\u00fa\u010dastnila Nat\u00e1lka.<\/p>\n<p>Nejlep\u0161\u00ed chlapci v na\u0161\u00ed t\u0159\u00edd\u011b: Vojta F. &#8211; 9,32; Vojta P. &#8211; 9,49; Ondra F. &#8211; 9,54.<\/p>\n<p>Nejlep\u0161\u00ed d\u011bv\u010data v na\u0161\u00ed t\u0159\u00edd\u011b: Nat\u00e1lka &#8211; 9,55; Ane\u017eka K. &#8211; 9,85; Ane\u017eka N. &#8211; 9,94.<\/p>\n<p><a href=\"https:\/\/photos.app.goo.gl\/7d18GoeJKCKHo8p77\" target=\"_blank\" rel=\"noopener\"><img loading=\"lazy\" decoding=\"async\" class=\"alignnone\" src=\"https:\/\/lh3.googleusercontent.com\/pw\/AP1GczOb-aNm0j_VYTmE9KYi8YU99Xhq3avFpaa86oLqWhqEyRPil1ZNJNV71UDnTxszQ5Pjo9-ocagWlx6SXUwA3uXEAI6gHq4gswT77O19a4arxzDk3yHbV1WEhn2dUmUl7SZMPKTMJDEMxOOu0KYkaz-mjg=w1491-h839-s-no-gm?authuser=0\" alt=\"\" width=\"352\" height=\"198\" \/><\/a><\/p>\n<p><span style=\"color: #ff0000;\"><strong>V\u00fdstava hub<\/strong><\/span><\/p>\n<p>V p\u00e1tek 5. z\u00e1\u0159\u00ed jsme nav\u0161t\u00edvili v D\u011blnick\u00e9m dom\u011b ve Velk\u00e9m Oseku v\u00fdstavu hub. Nejprve n\u00e1s pan mykolog Jan Wipler sezn\u00e1mil s v\u00fdznamem hub, jejich rozd\u011blen\u00edm do t\u0159\u00ed skupin a uk\u00e1zal n\u00e1m n\u011bkter\u00e9 zaj\u00edmavosti na vystaven\u00fdch expon\u00e1tech. Zopakovali jsme si \u010d\u00e1sti t\u011bla hub a p\u0159ipomn\u011bli si, jak spr\u00e1vn\u011b houby sb\u00edrat. Nakonec\u00a0 jsme si celou v\u00fdstavu prohl\u00e9dli.<\/p>\n<p><a href=\"https:\/\/photos.app.goo.gl\/UUo7uEvfgBzGBcZEA\" target=\"_blank\" rel=\"noopener\"><img loading=\"lazy\" decoding=\"async\" class=\"alignnone\" src=\"https:\/\/lh3.googleusercontent.com\/pw\/AP1GczNHNv5XLpPenqeROpg864hX7F9-VoPB50VwOrZdohef1cj_uIGJqzU1qhqnHsAZV7IN61EeoTtt9zSvDHZnR5oOq1i9nE8pJ4L1Bw2P-AVZjR2I4mF4YmoNOGfBoDoS9Q88Lzo5G7S-1YIsVsyCqzdFew=w1491-h839-s-no-gm?authuser=0\" alt=\"\" width=\"349\" height=\"196\" \/><\/a><\/p>\n<p><span style=\"color: #ff0000;\"><strong>Beseda Co sm\u00edm a nesm\u00edm<\/strong><\/span><\/p>\n<p>Ve \u010dtvrtek 4. z\u00e1\u0159\u00ed prob\u011bhla v na\u0161\u00ed t\u0159\u00edd\u011b beseda na t\u00e9ma Co sm\u00edm a nesm\u00edm. Pov\u00eddali jsme si o pravidlech chov\u00e1n\u00ed v rodin\u011b, ve \u0161kole, v doprav\u011b, ve m\u011bst\u011b, ve st\u00e1t\u011b. Vysv\u011btlili jsme si, co je z\u00e1kon, a pro\u010d je d\u016fle\u017eit\u00e9 z\u00e1kony \u010di pravidla dodr\u017eovat. Celou besedu jsme byli velmi aktivn\u00ed, a tak n\u011bkte\u0159\u00ed z n\u00e1s m\u011bli mo\u017enost si vyzkou\u0161et manipulaci se zastavovac\u00edm p\u00e1sem, kter\u00fd policist\u00e9 pou\u017e\u00edvaj\u00ed k n\u00e1siln\u00e9mu zastaven\u00ed vozidel. Nakonec si ka\u017ed\u00fd z n\u00e1s vyrobil odznak policisty.<\/p>\n<p><a href=\"https:\/\/photos.app.goo.gl\/tDEmh5YSTDaAdN8a7\" target=\"_blank\" rel=\"noopener\"><img loading=\"lazy\" decoding=\"async\" class=\"alignnone\" src=\"https:\/\/lh3.googleusercontent.com\/pw\/AP1GczOqOcqhXexjk1qnE2qwyJPRjLeyuIsO5hjX5Ih8M7KFBiTMFADDPaZlBaM3qJehSciRnBJ7KQzEz4a_kdg7YfVwWN2NZmNDObNn6YIdz4SOsr3eZYZ80v2mBmCaaq-7daSAapavHmChdyV-2a1Lj62j2w=w1118-h839-s-no-gm?authuser=0\" alt=\"\" width=\"347\" height=\"260\" \/><\/a><\/p>\n<p><span style=\"color: #ff0000;\"><b>Za\u010d\u00e1tek \u0161koln\u00edho roku<\/b><\/span><\/p>\n<p><a href=\"https:\/\/photos.app.goo.gl\/Bc57MtBH4nL52PUu8\" target=\"_blank\" rel=\"noopener\"><img loading=\"lazy\" decoding=\"async\" class=\"alignnone\" src=\"https:\/\/lh3.googleusercontent.com\/pw\/AP1GczMoG-_arsFeFjy4tlingTo5yXQqlDyikkO1zUHKOmWXGjzEw1meR0SZSSs9rnQu7uQxu0q7Q6vo0VjiWFYRRz1DugtAkCodWwAwdXmvGAv7BhqmHvEoxtyGsLdUQga3QycBBZr8ekB_8OIMMlYxhV6OPg=w1118-h839-s-no-gm?authuser=0\" alt=\"\" width=\"350\" height=\"262\" \/><\/a><\/p>\n<p>&nbsp;<\/p>\n\n\n<p><\/p>\n","protected":false},"excerpt":{"rendered":"<p>Recita\u010dn\u00ed sout\u011b\u017e &#8211; \u0161koln\u00ed kolo 2. t\u0159\u00edd m\u00edsto &#8211; Hani\u010dka Abdalhafez, Ane\u017eka Kratochv\u00edlov\u00e1 m\u00edsto &#8211; Nat\u00e1lka Kobsk\u00e1, Tob\u00edk Kocfelda m\u00edsto &#8211; Just\u00fdnka P\u0159evr\u00e1tilov\u00e1 Beseda se spisovatelkou Zuzanou Posp\u00ed\u0161ilovou Recita\u010dn\u00ed sout\u011b\u017e &#8211; t\u0159\u00eddn\u00ed kolo m\u00edsto &#8211; Ane\u017eka Kratochv\u00edlov\u00e1 m\u00edsto &#8211; Mat\u011bj Ku\u010dera, Tob\u00edk Kocfelda m\u00edsto &#8211; Nat\u00e1lka Kobsk\u00e1, Ondra Fago\u0161, David Werner Muzik\u00e1l Petr Pan Bruslen\u00ed [&hellip;]<\/p>\n","protected":false},"author":1,"featured_media":0,"parent":0,"menu_order":0,"comment_status":"closed","ping_status":"closed","template":"","meta":{"footnotes":""},"class_list":["post-25086","page","type-page","status-publish","hentry"],"_links":{"self":[{"href":"https:\/\/helbab.cz\/index.php?rest_route=\/wp\/v2\/pages\/25086"}],"collection":[{"href":"https:\/\/helbab.cz\/index.php?rest_route=\/wp\/v2\/pages"}],"about":[{"href":"https:\/\/helbab.cz\/index.php?rest_route=\/wp\/v2\/types\/page"}],"author":[{"embeddable":true,"href":"https:\/\/helbab.cz\/index.php?rest_route=\/wp\/v2\/users\/1"}],"replies":[{"embeddable":true,"href":"https:\/\/helbab.cz\/index.php?rest_route=%2Fwp%2Fv2%2Fcomments&post=25086"}],"version-history":[{"count":34,"href":"https:\/\/helbab.cz\/index.php?rest_route=\/wp\/v2\/pages\/25086\/revisions"}],"predecessor-version":[{"id":25720,"href":"https:\/\/helbab.cz\/index.php?rest_route=\/wp\/v2\/pages\/25086\/revisions\/25720"}],"wp:attachment":[{"href":"https:\/\/helbab.cz\/index.php?rest_route=%2Fwp%2Fv2%2Fmedia&parent=25086"}],"curies":[{"name":"wp","href":"https:\/\/api.w.org\/{rel}","templated":true}]}}